{"id":16,"date":"2022-04-06T20:22:56","date_gmt":"2022-04-06T18:22:56","guid":{"rendered":"https:\/\/propagandarowerowa.com\/?page_id=16"},"modified":"2022-07-04T16:44:52","modified_gmt":"2022-07-04T14:44:52","slug":"zwroty","status":"publish","type":"page","link":"https:\/\/propagandarowerowa.com\/index.php\/zwroty\/","title":{"rendered":"Polityka zwrot\u00f3w"},"content":{"rendered":"<p>[et_pb_section fb_built=&#8221;1&#8243; fullwidth=&#8221;on&#8221; _builder_version=&#8221;4.16&#8243; background_color=&#8221;#2ea3f2&#8243; use_background_color_gradient=&#8221;on&#8221; background_color_gradient_direction=&#8221;330deg&#8221; background_color_gradient_stops=&#8221;#2ea3f2 0%|#2e6df4 100%&#8221; background_color_gradient_start=&#8221;#2ea3f2&#8243; background_color_gradient_end=&#8221;#2e6df4&#8243; global_colors_info=&#8221;{}&#8221;][et_pb_fullwidth_image title_text=&#8221;image-bg-3&#8243; module_class=&#8221;cover-image&#8221; _builder_version=&#8221;4.16.0&#8243; _module_preset=&#8221;default&#8221; background_image=&#8221;https:\/\/propagandarowerowa.com\/wp-content\/uploads\/2022\/04\/image-bg-3.jpg&#8221; min_height=&#8221;200px&#8221; global_colors_info=&#8221;{}&#8221;][\/et_pb_fullwidth_image][\/et_pb_section][et_pb_section fb_built=&#8221;1&#8243; _builder_version=&#8221;4.16&#8243; global_colors_info=&#8221;{}&#8221;][et_pb_row _builder_version=&#8221;4.16&#8243; background_size=&#8221;initial&#8221; background_position=&#8221;top_left&#8221; background_repeat=&#8221;repeat&#8221; global_colors_info=&#8221;{}&#8221;][et_pb_column type=&#8221;4_4&#8243; _builder_version=&#8221;4.16&#8243; custom_padding=&#8221;|||&#8221; global_colors_info=&#8221;{}&#8221; custom_padding__hover=&#8221;|||&#8221;][et_pb_text _builder_version=&#8221;4.16.0&#8243; background_size=&#8221;initial&#8221; background_position=&#8221;top_left&#8221; background_repeat=&#8221;repeat&#8221; global_colors_info=&#8221;{}&#8221;]<\/p>\n<h1>Polityka zwrot\u00f3w<\/h1>\n<p>&nbsp;<\/p>\n<ol>\n<li>Zgodnie z ustaw\u0105 z dnia 9 maja 2014 r. o prawach konsumenta Klient b\u0119d\u0105cy konsumentem ma prawo do odst\u0105pienia od umowy sprzeda\u017cy bez podania przyczyn, w terminie 14 dni kalendarzowych od dnia dostarczenia towaru. Do zachowania terminu wystarczy wys\u0142anie pisemnego o\u015bwiadczenia przed up\u0142ywem terminu.<br \/>2.\u00a0W przypadku skorzystania z prawa odst\u0105pienia od umowy, Klient jest obowi\u0105zany odes\u0142a\u0107 towar niezw\u0142ocznie tj. w terminie nie d\u0142u\u017cszym ni\u017c 14 (czterna\u015bcie) dni na adres Sklepu .<br \/>3.\u00a0Wraz z towarem nale\u017cy odes\u0142a\u0107 o\u015bwiadczenie o zwrocie towaru z podaniem imienia, nazwiska, adresu, numerem zam\u00f3wienia oraz dane niezb\u0119dne do dokonania przelewu (imi\u0119, nazwisko, adres, numer zam\u00f3wienia oraz numer konta, na jakie ma zosta\u0107 dokonany zwrot).<br \/>4.\u00a0Sklep ma obowi\u0105zek niezw\u0142ocznie, nie p\u00f3\u017aniej ni\u017c w terminie 14 dni od dnia otrzymania towaru wraz z o\u015bwiadczeniem konsumenta o odst\u0105pieniu od umowy, zwr\u00f3ci\u0107 Klientowi wszystkie dokonane przez niego p\u0142atno\u015bci, w tym koszty dostarczenia towaru. Sklep dokonuje zwrotu p\u0142atno\u015bci przy u\u017cyciu takiego samego sposobu zap\u0142aty, jakiego u\u017cy\u0142 Klient, chyba \u017ce Klient zgodzi\u0142 si\u0119 na inny spos\u00f3b zwrotu, kt\u00f3ry nie wi\u0105\u017ce si\u0119 dla niego z \u017cadnymi kosztami.<br \/>5.\u00a0Koszt odes\u0142ania towaru do Sklepu nie podlega zwrotowi. Sklep nie przyjmuje paczek wys\u0142anych na koszt adresata ani za pobraniem.<\/li>\n<li>Zwracany towar nie mo\u017ce by\u0107 u\u017cywany, nie mo\u017ce nosi\u0107 jakichkolwiek \u015blad\u00f3w u\u017cytkowania lub uszkodze\u0144 oraz musi by\u0107 kompletny.<\/li>\n<li>Zwrot towar\u00f3w oferowanych przez Sklep jako u\u017cywane jest mo\u017cliwy na zasadach okre\u015blonych w punktach 1-5, je\u015bli s\u0105 one w identycznym, b\u0105d\u017a niepogorszonym stanie jak w momencie ich zakupu oraz nie nosz\u0105 \u017cadnych \u015blad\u00f3w u\u017cytkowania przez Klienta.<\/li>\n<\/ol>\n<p>&nbsp;<\/p>\n<p>Wymiana zam\u00f3wionego towaru<\/p>\n<p>1.\u00a0Bez uszczerbku dla praw Klienta b\u0119d\u0105cego konsumentem w przypadku dostarczenia Klientowi towaru zgodnego z umow\u0105 Klientowi przys\u0142uguje prawo wymiany danego towaru na inny rozmiar lub model w ci\u0105gu 14 dni od otrzymania produktu.<br \/>2.\u00a0Koszty przesy\u0142ki w obie strony ponosi klient.<br \/>3.\u00a0Sklep nie przyjmuje paczek wys\u0142anych na koszt adresata ani za pobraniem.<br \/>4.\u00a0Odes\u0142any towar nie mo\u017ce by\u0107 u\u017cywany, nie mo\u017ce nosi\u0107 jakichkolwiek \u015blad\u00f3w u\u017cytkowania lub uszkodze\u0144 oraz musi by\u0107 kompletny.<br \/>5.\u00a0Wymiana zostanie zrealizowana w ci\u0105gu 14 dni od otrzymania przesy\u0142ki przez sklep.<\/p>\n<p>&nbsp;<\/p>\n<p>[\/et_pb_text][\/et_pb_column][\/et_pb_row][\/et_pb_section]<\/p>\n","protected":false},"excerpt":{"rendered":"<p>Polityka zwrot\u00f3w &nbsp; Zgodnie z ustaw\u0105 z dnia 9 maja 2014 r. o prawach konsumenta Klient b\u0119d\u0105cy konsumentem ma prawo do odst\u0105pienia od umowy sprzeda\u017cy bez podania przyczyn, w terminie 14 dni kalendarzowych od dnia dostarczenia towaru. Do zachowania terminu wystarczy wys\u0142anie pisemnego o\u015bwiadczenia przed up\u0142ywem terminu.2.\u00a0W przypadku skorzystania z prawa odst\u0105pienia od umowy, Klient [&hellip;]<\/p>\n","protected":false},"author":1,"featured_media":0,"parent":0,"menu_order":0,"comment_status":"closed","ping_status":"closed","template":"","meta":{"_et_pb_use_builder":"on","_et_pb_old_content":"<!-- wp:paragraph -->\n<p><b>This is a sample page.<\/b><\/p>\n<!-- \/wp:paragraph -->\n\n<!-- wp:paragraph -->\n<h3>Overview<\/h3>\n<!-- \/wp:paragraph -->\n\n<!-- wp:paragraph -->\n<p>Our refund and returns policy lasts 30 days. If 30 days have passed since your purchase, we can\u2019t offer you a full refund or exchange.<\/p>\n<!-- \/wp:paragraph -->\n\n<!-- wp:paragraph -->\n<p>To be eligible for a return, your item must be unused and in the same condition that you received it. It must also be in the original packaging.<\/p>\n<!-- \/wp:paragraph -->\n\n<!-- wp:paragraph -->\n<p>Several types of goods are exempt from being returned. Perishable goods such as food, flowers, newspapers or magazines cannot be returned. We also do not accept products that are intimate or sanitary goods, hazardous materials, or flammable liquids or gases.<\/p>\n<!-- \/wp:paragraph -->\n\n<!-- wp:paragraph -->\n<p>Additional non-returnable items:<\/p>\n<!-- \/wp:paragraph -->\n\n<!-- wp:list -->\n<ul>\n<li>Gift cards<\/li>\n<li>Downloadable software products<\/li>\n<li>Some health and personal care items<\/li>\n<\/ul>\n<!-- \/wp:list -->\n\n<!-- wp:paragraph -->\n<p>To complete your return, we require a receipt or proof of purchase.<\/p>\n<!-- \/wp:paragraph -->\n\n<!-- wp:paragraph -->\n<p>Please do not send your purchase back to the manufacturer.<\/p>\n<!-- \/wp:paragraph -->\n\n<!-- wp:paragraph -->\n<p>There are certain situations where only partial refunds are granted:<\/p>\n<!-- \/wp:paragraph -->\n\n<!-- wp:list -->\n<ul>\n<li>Book with obvious signs of use<\/li>\n<li>CD, DVD, VHS tape, software, video game, cassette tape, or vinyl record that has been opened.<\/li>\n<li>Any item not in its original condition, is damaged or missing parts for reasons not due to our error.<\/li>\n<li>Any item that is returned more than 30 days after delivery<\/li>\n<\/ul>\n<!-- \/wp:list -->\n\n<!-- wp:paragraph -->\n<h2>Refunds<\/h2>\n<!-- \/wp:paragraph -->\n\n<!-- wp:paragraph -->\n<p>Once your return is received and inspected, we will send you an email to notify you that we have received your returned item. We will also notify you of the approval or rejection of your refund.<\/p>\n<!-- \/wp:paragraph -->\n\n<!-- wp:paragraph -->\n<p>If you are approved, then your refund will be processed, and a credit will automatically be applied to your credit card or original method of payment, within a certain amount of days.<\/p>\n<!-- \/wp:paragraph -->\n\n<!-- wp:paragraph -->\n<b>Late or missing refunds<\/b>\n<!-- \/wp:paragraph -->\n\n<!-- wp:paragraph -->\n<p>If you haven\u2019t received a refund yet, first check your bank account again.<\/p>\n<!-- \/wp:paragraph -->\n\n<!-- wp:paragraph -->\n<p>Then contact your credit card company, it may take some time before your refund is officially posted.<\/p>\n<!-- \/wp:paragraph -->\n\n<!-- wp:paragraph -->\n<p>Next contact your bank. There is often some processing time before a refund is posted.<\/p>\n<!-- \/wp:paragraph -->\n\n<!-- wp:paragraph -->\n<p>If you\u2019ve done all of this and you still have not received your refund yet, please contact us at {email address}.<\/p>\n<!-- \/wp:paragraph -->\n\n<!-- wp:paragraph -->\n<b>Sale items<\/b>\n<!-- \/wp:paragraph -->\n\n<!-- wp:paragraph -->\n<p>Only regular priced items may be refunded. Sale items cannot be refunded.<\/p>\n<!-- \/wp:paragraph -->\n\n<!-- wp:paragraph -->\n<h2>Exchanges<\/h2>\n<!-- \/wp:paragraph -->\n\n<!-- wp:paragraph -->\n<p>We only replace items if they are defective or damaged. If you need to exchange it for the same item, send us an email at {email address} and send your item to: {physical address}.<\/p>\n<!-- \/wp:paragraph -->\n\n<!-- wp:paragraph -->\n<h2>Gifts<\/h2>\n<!-- \/wp:paragraph -->\n\n<!-- wp:paragraph -->\n<p>If the item was marked as a gift when purchased and shipped directly to you, you\u2019ll receive a gift credit for the value of your return. Once the returned item is received, a gift certificate will be mailed to you.<\/p>\n<!-- \/wp:paragraph -->\n\n<!-- wp:paragraph -->\n<p>If the item wasn\u2019t marked as a gift when purchased, or the gift giver had the order shipped to themselves to give to you later, we will send a refund to the gift giver and they will find out about your return.<\/p>\n<!-- \/wp:paragraph -->\n\n<!-- wp:paragraph -->\n<h2>Shipping returns<\/h2>\n<!-- \/wp:paragraph -->\n\n<!-- wp:paragraph -->\n<p>To return your product, you should mail your product to: {physical address}.<\/p>\n<!-- \/wp:paragraph -->\n\n<!-- wp:paragraph -->\n<p>You will be responsible for paying for your own shipping costs for returning your item. Shipping costs are non-refundable. If you receive a refund, the cost of return shipping will be deducted from your refund.<\/p>\n<!-- \/wp:paragraph -->\n\n<!-- wp:paragraph -->\n<p>Depending on where you live, the time it may take for your exchanged product to reach you may vary.<\/p>\n<!-- \/wp:paragraph -->\n\n<!-- wp:paragraph -->\n<p>If you are returning more expensive items, you may consider using a trackable shipping service or purchasing shipping insurance. We don\u2019t guarantee that we will receive your returned item.<\/p>\n<!-- \/wp:paragraph -->\n\n<!-- wp:paragraph -->\n<h2>Need help?<\/h2>\n<!-- \/wp:paragraph -->\n\n<!-- wp:paragraph -->\n<p>Contact us at {email} for questions related to refunds and returns.<\/p>\n<!-- \/wp:paragraph -->","_et_gb_content_width":"","footnotes":""},"class_list":["post-16","page","type-page","status-publish","hentry"],"yoast_head":"<!-- This site is optimized with the Yoast SEO plugin v26.6 - https:\/\/yoast.com\/wordpress\/plugins\/seo\/ -->\n<title>Polityka zwrot\u00f3w - Propaganda Rowerowa<\/title>\n<meta name=\"robots\" content=\"index, follow, max-snippet:-1, max-image-preview:large, max-video-preview:-1\" \/>\n<link rel=\"canonical\" href=\"https:\/\/propagandarowerowa.com\/index.php\/zwroty\/\" \/>\n<meta property=\"og:locale\" content=\"pl_PL\" \/>\n<meta property=\"og:type\" content=\"article\" \/>\n<meta property=\"og:title\" content=\"Polityka zwrot\u00f3w - Propaganda Rowerowa\" \/>\n<meta property=\"og:description\" content=\"Polityka zwrot\u00f3w &nbsp; Zgodnie z ustaw\u0105 z dnia 9 maja 2014 r. o prawach konsumenta Klient b\u0119d\u0105cy konsumentem ma prawo do odst\u0105pienia od umowy sprzeda\u017cy bez podania przyczyn, w terminie 14 dni kalendarzowych od dnia dostarczenia towaru. Do zachowania terminu wystarczy wys\u0142anie pisemnego o\u015bwiadczenia przed up\u0142ywem terminu.2.\u00a0W przypadku skorzystania z prawa odst\u0105pienia od umowy, Klient [&hellip;]\" \/>\n<meta property=\"og:url\" content=\"https:\/\/propagandarowerowa.com\/index.php\/zwroty\/\" \/>\n<meta property=\"og:site_name\" content=\"Propaganda Rowerowa\" \/>\n<meta property=\"article:modified_time\" content=\"2022-07-04T14:44:52+00:00\" \/>\n<meta name=\"twitter:card\" content=\"summary_large_image\" \/>\n<meta name=\"twitter:label1\" content=\"Szacowany czas czytania\" \/>\n\t<meta name=\"twitter:data1\" content=\"3 minuty\" \/>\n<script type=\"application\/ld+json\" class=\"yoast-schema-graph\">{\"@context\":\"https:\/\/schema.org\",\"@graph\":[{\"@type\":\"WebPage\",\"@id\":\"https:\/\/propagandarowerowa.com\/index.php\/zwroty\/\",\"url\":\"https:\/\/propagandarowerowa.com\/index.php\/zwroty\/\",\"name\":\"Polityka zwrot\u00f3w - Propaganda Rowerowa\",\"isPartOf\":{\"@id\":\"https:\/\/propagandarowerowa.com\/#website\"},\"datePublished\":\"2022-04-06T18:22:56+00:00\",\"dateModified\":\"2022-07-04T14:44:52+00:00\",\"breadcrumb\":{\"@id\":\"https:\/\/propagandarowerowa.com\/index.php\/zwroty\/#breadcrumb\"},\"inLanguage\":\"pl-PL\",\"potentialAction\":[{\"@type\":\"ReadAction\",\"target\":[\"https:\/\/propagandarowerowa.com\/index.php\/zwroty\/\"]}]},{\"@type\":\"BreadcrumbList\",\"@id\":\"https:\/\/propagandarowerowa.com\/index.php\/zwroty\/#breadcrumb\",\"itemListElement\":[{\"@type\":\"ListItem\",\"position\":1,\"name\":\"Strona g\u0142\u00f3wna\",\"item\":\"https:\/\/propagandarowerowa.com\/\"},{\"@type\":\"ListItem\",\"position\":2,\"name\":\"Polityka zwrot\u00f3w\"}]},{\"@type\":\"WebSite\",\"@id\":\"https:\/\/propagandarowerowa.com\/#website\",\"url\":\"https:\/\/propagandarowerowa.com\/\",\"name\":\"Propaganda Rowerowa\",\"description\":\"\",\"potentialAction\":[{\"@type\":\"SearchAction\",\"target\":{\"@type\":\"EntryPoint\",\"urlTemplate\":\"https:\/\/propagandarowerowa.com\/?s={search_term_string}\"},\"query-input\":{\"@type\":\"PropertyValueSpecification\",\"valueRequired\":true,\"valueName\":\"search_term_string\"}}],\"inLanguage\":\"pl-PL\"}]}<\/script>\n<!-- \/ Yoast SEO plugin. -->","yoast_head_json":{"title":"Polityka zwrot\u00f3w - Propaganda Rowerowa","robots":{"index":"index","follow":"follow","max-snippet":"max-snippet:-1","max-image-preview":"max-image-preview:large","max-video-preview":"max-video-preview:-1"},"canonical":"https:\/\/propagandarowerowa.com\/index.php\/zwroty\/","og_locale":"pl_PL","og_type":"article","og_title":"Polityka zwrot\u00f3w - Propaganda Rowerowa","og_description":"Polityka zwrot\u00f3w &nbsp; Zgodnie z ustaw\u0105 z dnia 9 maja 2014 r. o prawach konsumenta Klient b\u0119d\u0105cy konsumentem ma prawo do odst\u0105pienia od umowy sprzeda\u017cy bez podania przyczyn, w terminie 14 dni kalendarzowych od dnia dostarczenia towaru. Do zachowania terminu wystarczy wys\u0142anie pisemnego o\u015bwiadczenia przed up\u0142ywem terminu.2.\u00a0W przypadku skorzystania z prawa odst\u0105pienia od umowy, Klient [&hellip;]","og_url":"https:\/\/propagandarowerowa.com\/index.php\/zwroty\/","og_site_name":"Propaganda Rowerowa","article_modified_time":"2022-07-04T14:44:52+00:00","twitter_card":"summary_large_image","twitter_misc":{"Szacowany czas czytania":"3 minuty"},"schema":{"@context":"https:\/\/schema.org","@graph":[{"@type":"WebPage","@id":"https:\/\/propagandarowerowa.com\/index.php\/zwroty\/","url":"https:\/\/propagandarowerowa.com\/index.php\/zwroty\/","name":"Polityka zwrot\u00f3w - Propaganda Rowerowa","isPartOf":{"@id":"https:\/\/propagandarowerowa.com\/#website"},"datePublished":"2022-04-06T18:22:56+00:00","dateModified":"2022-07-04T14:44:52+00:00","breadcrumb":{"@id":"https:\/\/propagandarowerowa.com\/index.php\/zwroty\/#breadcrumb"},"inLanguage":"pl-PL","potentialAction":[{"@type":"ReadAction","target":["https:\/\/propagandarowerowa.com\/index.php\/zwroty\/"]}]},{"@type":"BreadcrumbList","@id":"https:\/\/propagandarowerowa.com\/index.php\/zwroty\/#breadcrumb","itemListElement":[{"@type":"ListItem","position":1,"name":"Strona g\u0142\u00f3wna","item":"https:\/\/propagandarowerowa.com\/"},{"@type":"ListItem","position":2,"name":"Polityka zwrot\u00f3w"}]},{"@type":"WebSite","@id":"https:\/\/propagandarowerowa.com\/#website","url":"https:\/\/propagandarowerowa.com\/","name":"Propaganda Rowerowa","description":"","potentialAction":[{"@type":"SearchAction","target":{"@type":"EntryPoint","urlTemplate":"https:\/\/propagandarowerowa.com\/?s={search_term_string}"},"query-input":{"@type":"PropertyValueSpecification","valueRequired":true,"valueName":"search_term_string"}}],"inLanguage":"pl-PL"}]}},"jetpack_sharing_enabled":true,"_links":{"self":[{"href":"https:\/\/propagandarowerowa.com\/index.php\/wp-json\/wp\/v2\/pages\/16","targetHints":{"allow":["GET"]}}],"collection":[{"href":"https:\/\/propagandarowerowa.com\/index.php\/wp-json\/wp\/v2\/pages"}],"about":[{"href":"https:\/\/propagandarowerowa.com\/index.php\/wp-json\/wp\/v2\/types\/page"}],"author":[{"embeddable":true,"href":"https:\/\/propagandarowerowa.com\/index.php\/wp-json\/wp\/v2\/users\/1"}],"replies":[{"embeddable":true,"href":"https:\/\/propagandarowerowa.com\/index.php\/wp-json\/wp\/v2\/comments?post=16"}],"version-history":[{"count":3,"href":"https:\/\/propagandarowerowa.com\/index.php\/wp-json\/wp\/v2\/pages\/16\/revisions"}],"predecessor-version":[{"id":523,"href":"https:\/\/propagandarowerowa.com\/index.php\/wp-json\/wp\/v2\/pages\/16\/revisions\/523"}],"wp:attachment":[{"href":"https:\/\/propagandarowerowa.com\/index.php\/wp-json\/wp\/v2\/media?parent=16"}],"curies":[{"name":"wp","href":"https:\/\/api.w.org\/{rel}","templated":true}]}}