{"id":259,"date":"2022-04-06T20:12:47","date_gmt":"2022-04-06T18:12:47","guid":{"rendered":"https:\/\/propagandarowerowa.com\/?page_id=259"},"modified":"2022-06-30T17:46:36","modified_gmt":"2022-06-30T15:46:36","slug":"wysylka-i-platnosc","status":"publish","type":"page","link":"https:\/\/propagandarowerowa.com\/index.php\/wysylka-i-platnosc\/","title":{"rendered":"Wysy\u0142ka i p\u0142atno\u015b\u0107"},"content":{"rendered":"<p>[et_pb_section fb_built=&#8221;1&#8243; fullwidth=&#8221;on&#8221; _builder_version=&#8221;4.16&#8243; background_color=&#8221;#2ea3f2&#8243; use_background_color_gradient=&#8221;on&#8221; background_color_gradient_direction=&#8221;330deg&#8221; background_color_gradient_stops=&#8221;#2ea3f2 0%|#2e6df4 100%&#8221; background_color_gradient_start=&#8221;#2ea3f2&#8243; background_color_gradient_end=&#8221;#2e6df4&#8243; global_colors_info=&#8221;{}&#8221;][et_pb_fullwidth_image title_text=&#8221;image-bg-3&#8243; module_class=&#8221;cover-image&#8221; _builder_version=&#8221;4.16.0&#8243; _module_preset=&#8221;default&#8221; background_image=&#8221;https:\/\/propagandarowerowa.com\/wp-content\/uploads\/2022\/04\/image-bg-3.jpg&#8221; min_height=&#8221;200px&#8221; global_colors_info=&#8221;{}&#8221;][\/et_pb_fullwidth_image][\/et_pb_section][et_pb_section fb_built=&#8221;1&#8243; _builder_version=&#8221;4.16&#8243; global_colors_info=&#8221;{}&#8221;][et_pb_row _builder_version=&#8221;4.16&#8243; background_size=&#8221;initial&#8221; background_position=&#8221;top_left&#8221; background_repeat=&#8221;repeat&#8221; global_colors_info=&#8221;{}&#8221;][et_pb_column type=&#8221;4_4&#8243; _builder_version=&#8221;4.16&#8243; custom_padding=&#8221;|||&#8221; global_colors_info=&#8221;{}&#8221; custom_padding__hover=&#8221;|||&#8221;][et_pb_text _builder_version=&#8221;4.16.0&#8243; background_size=&#8221;initial&#8221; background_position=&#8221;top_left&#8221; background_repeat=&#8221;repeat&#8221; global_colors_info=&#8221;{}&#8221;]<\/p>\n<h1>Wysy\u0142ka i p\u0142atno\u015b\u0107<\/h1>\n<p>&nbsp;<\/p>\n<p>Zam\u00f3wiony towar wysy\u0142amy pod adres wskazany w zam\u00f3wieniu. W momencie gdy zam\u00f3wienie zostanie potwierdzone, zobowi\u0105zujemy si\u0119 do jego realizacji w ci\u0105gu 2 dni roboczych od chwili gdy przesy\u0142ka uzyska status op\u0142aconej. Dok\u0142adamy wszelkich stara\u0144, aby wysy\u0142ka zosta\u0142a zrealizowana jak najszybciej.<\/p>\n<p>W przypadku wysy\u0142ki roweru, ze wzgl\u0119du na konieczno\u015b\u0107 jego dok\u0142adnego zabezpieczenia na czas transportu, powy\u017csze czasy mog\u0105 ulec wyd\u0142u\u017ceniu, nie wi\u0119cej jednak ni\u017c o dwa dni robocze.<br \/>Wszystkie terminy realizacji odnosz\u0105 si\u0119 do dni roboczych i nie obejmuj\u0105 terminu dostarczenia przesy\u0142ki przez kuriera.<\/p>\n<p>Wysy\u0142ki realizujemy za po\u015brednictwem firm kurierskich Pocztex lub DPD<\/p>\n<p>Wysy\u0142ki pobraniowe rower\u00f3w realizujemy tylko po przedp\u0142acie 150 z\u0142 zadatku na pokrycie naszych koszt\u00f3w w przypadku nieodebrania przesy\u0142ki<\/p>\n<p>&nbsp;<\/p>\n<p>P\u0142atno\u015bci za zakupy z wysy\u0142k\u0105 mo\u017cna dokona\u0107 przy pomocy p\u0142atno\u015bci elektronicznych, przelewem lub kart\u0105 p\u0142atnicz\u0105. Przy odbiorze osobistym akceptujemy r\u00f3wnie\u017c p\u0142atno\u015b\u0107 got\u00f3wk\u0105.<\/p>\n<p>&nbsp;<\/p>\n<p>[\/et_pb_text][\/et_pb_column][\/et_pb_row][\/et_pb_section]<\/p>\n","protected":false},"excerpt":{"rendered":"<p>Wysy\u0142ka i p\u0142atno\u015b\u0107 &nbsp; Zam\u00f3wiony towar wysy\u0142amy pod adres wskazany w zam\u00f3wieniu. W momencie gdy zam\u00f3wienie zostanie potwierdzone, zobowi\u0105zujemy si\u0119 do jego realizacji w ci\u0105gu 2 dni roboczych od chwili gdy przesy\u0142ka uzyska status op\u0142aconej. Dok\u0142adamy wszelkich stara\u0144, aby wysy\u0142ka zosta\u0142a zrealizowana jak najszybciej. W przypadku wysy\u0142ki roweru, ze wzgl\u0119du na konieczno\u015b\u0107 jego dok\u0142adnego zabezpieczenia [&hellip;]<\/p>\n","protected":false},"author":1,"featured_media":0,"parent":0,"menu_order":0,"comment_status":"closed","ping_status":"closed","template":"","meta":{"_et_pb_use_builder":"on","_et_pb_old_content":"","_et_gb_content_width":"","footnotes":""},"class_list":["post-259","page","type-page","status-publish","hentry"],"yoast_head":"<!-- This site is optimized with the Yoast SEO plugin v26.6 - https:\/\/yoast.com\/wordpress\/plugins\/seo\/ -->\n<title>Wysy\u0142ka i p\u0142atno\u015b\u0107 - Propaganda Rowerowa<\/title>\n<meta name=\"robots\" content=\"index, follow, max-snippet:-1, max-image-preview:large, max-video-preview:-1\" \/>\n<link rel=\"canonical\" href=\"https:\/\/propagandarowerowa.com\/index.php\/wysylka-i-platnosc\/\" \/>\n<meta property=\"og:locale\" content=\"pl_PL\" \/>\n<meta property=\"og:type\" content=\"article\" \/>\n<meta property=\"og:title\" content=\"Wysy\u0142ka i p\u0142atno\u015b\u0107 - Propaganda Rowerowa\" \/>\n<meta property=\"og:description\" content=\"Wysy\u0142ka i p\u0142atno\u015b\u0107 &nbsp; Zam\u00f3wiony towar wysy\u0142amy pod adres wskazany w zam\u00f3wieniu. W momencie gdy zam\u00f3wienie zostanie potwierdzone, zobowi\u0105zujemy si\u0119 do jego realizacji w ci\u0105gu 2 dni roboczych od chwili gdy przesy\u0142ka uzyska status op\u0142aconej. Dok\u0142adamy wszelkich stara\u0144, aby wysy\u0142ka zosta\u0142a zrealizowana jak najszybciej. W przypadku wysy\u0142ki roweru, ze wzgl\u0119du na konieczno\u015b\u0107 jego dok\u0142adnego zabezpieczenia [&hellip;]\" \/>\n<meta property=\"og:url\" content=\"https:\/\/propagandarowerowa.com\/index.php\/wysylka-i-platnosc\/\" \/>\n<meta property=\"og:site_name\" content=\"Propaganda Rowerowa\" \/>\n<meta property=\"article:modified_time\" content=\"2022-06-30T15:46:36+00:00\" \/>\n<meta name=\"twitter:card\" content=\"summary_large_image\" \/>\n<meta name=\"twitter:label1\" content=\"Szacowany czas czytania\" \/>\n\t<meta name=\"twitter:data1\" content=\"2 minuty\" \/>\n<script type=\"application\/ld+json\" class=\"yoast-schema-graph\">{\"@context\":\"https:\/\/schema.org\",\"@graph\":[{\"@type\":\"WebPage\",\"@id\":\"https:\/\/propagandarowerowa.com\/index.php\/wysylka-i-platnosc\/\",\"url\":\"https:\/\/propagandarowerowa.com\/index.php\/wysylka-i-platnosc\/\",\"name\":\"Wysy\u0142ka i p\u0142atno\u015b\u0107 - Propaganda Rowerowa\",\"isPartOf\":{\"@id\":\"https:\/\/propagandarowerowa.com\/#website\"},\"datePublished\":\"2022-04-06T18:12:47+00:00\",\"dateModified\":\"2022-06-30T15:46:36+00:00\",\"breadcrumb\":{\"@id\":\"https:\/\/propagandarowerowa.com\/index.php\/wysylka-i-platnosc\/#breadcrumb\"},\"inLanguage\":\"pl-PL\",\"potentialAction\":[{\"@type\":\"ReadAction\",\"target\":[\"https:\/\/propagandarowerowa.com\/index.php\/wysylka-i-platnosc\/\"]}]},{\"@type\":\"BreadcrumbList\",\"@id\":\"https:\/\/propagandarowerowa.com\/index.php\/wysylka-i-platnosc\/#breadcrumb\",\"itemListElement\":[{\"@type\":\"ListItem\",\"position\":1,\"name\":\"Strona g\u0142\u00f3wna\",\"item\":\"https:\/\/propagandarowerowa.com\/\"},{\"@type\":\"ListItem\",\"position\":2,\"name\":\"Wysy\u0142ka i p\u0142atno\u015b\u0107\"}]},{\"@type\":\"WebSite\",\"@id\":\"https:\/\/propagandarowerowa.com\/#website\",\"url\":\"https:\/\/propagandarowerowa.com\/\",\"name\":\"Propaganda Rowerowa\",\"description\":\"\",\"potentialAction\":[{\"@type\":\"SearchAction\",\"target\":{\"@type\":\"EntryPoint\",\"urlTemplate\":\"https:\/\/propagandarowerowa.com\/?s={search_term_string}\"},\"query-input\":{\"@type\":\"PropertyValueSpecification\",\"valueRequired\":true,\"valueName\":\"search_term_string\"}}],\"inLanguage\":\"pl-PL\"}]}<\/script>\n<!-- \/ Yoast SEO plugin. -->","yoast_head_json":{"title":"Wysy\u0142ka i p\u0142atno\u015b\u0107 - Propaganda Rowerowa","robots":{"index":"index","follow":"follow","max-snippet":"max-snippet:-1","max-image-preview":"max-image-preview:large","max-video-preview":"max-video-preview:-1"},"canonical":"https:\/\/propagandarowerowa.com\/index.php\/wysylka-i-platnosc\/","og_locale":"pl_PL","og_type":"article","og_title":"Wysy\u0142ka i p\u0142atno\u015b\u0107 - Propaganda Rowerowa","og_description":"Wysy\u0142ka i p\u0142atno\u015b\u0107 &nbsp; Zam\u00f3wiony towar wysy\u0142amy pod adres wskazany w zam\u00f3wieniu. W momencie gdy zam\u00f3wienie zostanie potwierdzone, zobowi\u0105zujemy si\u0119 do jego realizacji w ci\u0105gu 2 dni roboczych od chwili gdy przesy\u0142ka uzyska status op\u0142aconej. Dok\u0142adamy wszelkich stara\u0144, aby wysy\u0142ka zosta\u0142a zrealizowana jak najszybciej. W przypadku wysy\u0142ki roweru, ze wzgl\u0119du na konieczno\u015b\u0107 jego dok\u0142adnego zabezpieczenia [&hellip;]","og_url":"https:\/\/propagandarowerowa.com\/index.php\/wysylka-i-platnosc\/","og_site_name":"Propaganda Rowerowa","article_modified_time":"2022-06-30T15:46:36+00:00","twitter_card":"summary_large_image","twitter_misc":{"Szacowany czas czytania":"2 minuty"},"schema":{"@context":"https:\/\/schema.org","@graph":[{"@type":"WebPage","@id":"https:\/\/propagandarowerowa.com\/index.php\/wysylka-i-platnosc\/","url":"https:\/\/propagandarowerowa.com\/index.php\/wysylka-i-platnosc\/","name":"Wysy\u0142ka i p\u0142atno\u015b\u0107 - Propaganda Rowerowa","isPartOf":{"@id":"https:\/\/propagandarowerowa.com\/#website"},"datePublished":"2022-04-06T18:12:47+00:00","dateModified":"2022-06-30T15:46:36+00:00","breadcrumb":{"@id":"https:\/\/propagandarowerowa.com\/index.php\/wysylka-i-platnosc\/#breadcrumb"},"inLanguage":"pl-PL","potentialAction":[{"@type":"ReadAction","target":["https:\/\/propagandarowerowa.com\/index.php\/wysylka-i-platnosc\/"]}]},{"@type":"BreadcrumbList","@id":"https:\/\/propagandarowerowa.com\/index.php\/wysylka-i-platnosc\/#breadcrumb","itemListElement":[{"@type":"ListItem","position":1,"name":"Strona g\u0142\u00f3wna","item":"https:\/\/propagandarowerowa.com\/"},{"@type":"ListItem","position":2,"name":"Wysy\u0142ka i p\u0142atno\u015b\u0107"}]},{"@type":"WebSite","@id":"https:\/\/propagandarowerowa.com\/#website","url":"https:\/\/propagandarowerowa.com\/","name":"Propaganda Rowerowa","description":"","potentialAction":[{"@type":"SearchAction","target":{"@type":"EntryPoint","urlTemplate":"https:\/\/propagandarowerowa.com\/?s={search_term_string}"},"query-input":{"@type":"PropertyValueSpecification","valueRequired":true,"valueName":"search_term_string"}}],"inLanguage":"pl-PL"}]}},"jetpack_sharing_enabled":true,"_links":{"self":[{"href":"https:\/\/propagandarowerowa.com\/index.php\/wp-json\/wp\/v2\/pages\/259","targetHints":{"allow":["GET"]}}],"collection":[{"href":"https:\/\/propagandarowerowa.com\/index.php\/wp-json\/wp\/v2\/pages"}],"about":[{"href":"https:\/\/propagandarowerowa.com\/index.php\/wp-json\/wp\/v2\/types\/page"}],"author":[{"embeddable":true,"href":"https:\/\/propagandarowerowa.com\/index.php\/wp-json\/wp\/v2\/users\/1"}],"replies":[{"embeddable":true,"href":"https:\/\/propagandarowerowa.com\/index.php\/wp-json\/wp\/v2\/comments?post=259"}],"version-history":[{"count":5,"href":"https:\/\/propagandarowerowa.com\/index.php\/wp-json\/wp\/v2\/pages\/259\/revisions"}],"predecessor-version":[{"id":511,"href":"https:\/\/propagandarowerowa.com\/index.php\/wp-json\/wp\/v2\/pages\/259\/revisions\/511"}],"wp:attachment":[{"href":"https:\/\/propagandarowerowa.com\/index.php\/wp-json\/wp\/v2\/media?parent=259"}],"curies":[{"name":"wp","href":"https:\/\/api.w.org\/{rel}","templated":true}]}}