{"id":267,"date":"2022-04-06T20:18:41","date_gmt":"2022-04-06T18:18:41","guid":{"rendered":"https:\/\/propagandarowerowa.com\/?page_id=267"},"modified":"2022-06-30T18:59:42","modified_gmt":"2022-06-30T16:59:42","slug":"gwarancja","status":"publish","type":"page","link":"https:\/\/propagandarowerowa.com\/index.php\/gwarancja\/","title":{"rendered":"Gwarancja"},"content":{"rendered":"<p>[et_pb_section fb_built=&#8221;1&#8243; fullwidth=&#8221;on&#8221; _builder_version=&#8221;4.16&#8243; background_color=&#8221;#2ea3f2&#8243; use_background_color_gradient=&#8221;on&#8221; background_color_gradient_direction=&#8221;330deg&#8221; background_color_gradient_stops=&#8221;#2ea3f2 0%|#2e6df4 100%&#8221; background_color_gradient_start=&#8221;#2ea3f2&#8243; background_color_gradient_end=&#8221;#2e6df4&#8243; global_colors_info=&#8221;{}&#8221;][et_pb_fullwidth_image title_text=&#8221;image-bg-3&#8243; module_class=&#8221;cover-image&#8221; _builder_version=&#8221;4.16.0&#8243; _module_preset=&#8221;default&#8221; background_image=&#8221;https:\/\/propagandarowerowa.com\/wp-content\/uploads\/2022\/04\/image-bg-3.jpg&#8221; min_height=&#8221;200px&#8221; global_colors_info=&#8221;{}&#8221;][\/et_pb_fullwidth_image][\/et_pb_section][et_pb_section fb_built=&#8221;1&#8243; _builder_version=&#8221;4.16&#8243; global_colors_info=&#8221;{}&#8221;][et_pb_row _builder_version=&#8221;4.16&#8243; background_size=&#8221;initial&#8221; background_position=&#8221;top_left&#8221; background_repeat=&#8221;repeat&#8221; global_colors_info=&#8221;{}&#8221;][et_pb_column type=&#8221;4_4&#8243; _builder_version=&#8221;4.16&#8243; custom_padding=&#8221;|||&#8221; global_colors_info=&#8221;{}&#8221; custom_padding__hover=&#8221;|||&#8221;][et_pb_text _builder_version=&#8221;4.16.0&#8243; background_size=&#8221;initial&#8221; background_position=&#8221;top_left&#8221; background_repeat=&#8221;repeat&#8221; global_colors_info=&#8221;{}&#8221;]<\/p>\n<h1>Gwarancja<\/h1>\n<p><strong>1. ROWERY NOWE<\/strong><\/p>\n<p>Wszystkie nowe rowery, kt\u00f3re oferujemy obj\u0119te s\u0105 pe\u0142n\u0105 gwarancj\u0105 producent, kt\u00f3ra mo\u017ce by\u0107 w razie problemu ze sprz\u0119tem zrealizowana za naszym po\u015brednictwem. W przypadku niekt\u00f3rych producent\u00f3w dopuszczalne jest r\u00f3wnie\u017c realizowanie gwarancji on-line po rejestracji roweru na stronie producenta. Dok\u0142adamy wszelkich stara\u0144, aby pom\u00f3c naszym klient\u00f3w w razie k\u0142opot\u00f3w z rowerem lub innym sprz\u0119tem. Podczas naprawy czy wymiany reklamacyjnej istnieje mo\u017cliwo\u015b\u0107 udost\u0119pnienia roweru zat\u0119pczego na czas wykonania us\u0142ugi.<\/p>\n<p><strong>2. ROWERY POWYSTAWOWE I U\u017bYWANE<\/strong><\/p>\n<p>Rowery, kt\u00f3re opisane s\u0105 jako \u201ePowystawowe\u201d to rowery pochodz\u0105ce ze sklep\u00f3w rowerowych z wymian kolekcji lub odkupione z nadwy\u017cek zam\u00f3wie\u0144. S\u0105 to rowery w 100% pe\u0142nowarto\u015bciowe i zazwyczaj maj\u0105 zerowy przebieg. Mog\u0105 posiada\u0107 minimalne \u015blady ekspozycji &#8211; informacja na ten temat jest zawarta w opisie produktu. Rowery Demo, to rowery demonstracyjne\/potestowe, pochodz\u0105ce z imprez typu targi, wystawy, testy dla klient\u00f3w itp. Takie rowery maj\u0105 zazwyczaj niewielki przebieg. Rowery u\u017cywane, kt\u00f3re mamy w ofercie naszego sklepu to sprz\u0119t odkupiony od Pa\u0144stwa lub z zagranicznych sklep\u00f3w rowerowych, gdzie odkupuje si\u0119 u\u017cywane rowery w rozliczeniu przy zakupie nowego egzemplarza.<\/p>\n<p>Ka\u017cdy rower oferowany w Propagandzie Rowerowej ma:<\/p>\n<ul>\n<li>wykonany pe\u0142en przegl\u0105d techniczny, sprawdzone wszystkie podzespo\u0142y i jest w pe\u0142ni przygotowany do jazdy<\/li>\n<li>3-, 6- lub 12-miesi\u0119czn\u0105 gwarancj\u0119 techniczn\u0105 realizowan\u0105 w naszym sklepie. Informacja o d\u0142ugo\u015bci okresu gwarancji znajduje si\u0119 w opisie produktu oraz w karcie gwarancyjnej do\u0142\u0105czonej do roweru<\/li>\n<li>sprawdzone, udokumentowane, legalne pochodzenie<\/li>\n<\/ul>\n<p>[\/et_pb_text][\/et_pb_column][\/et_pb_row][\/et_pb_section]<\/p>\n","protected":false},"excerpt":{"rendered":"<p>Gwarancja 1. ROWERY NOWE Wszystkie nowe rowery, kt\u00f3re oferujemy obj\u0119te s\u0105 pe\u0142n\u0105 gwarancj\u0105 producent, kt\u00f3ra mo\u017ce by\u0107 w razie problemu ze sprz\u0119tem zrealizowana za naszym po\u015brednictwem. W przypadku niekt\u00f3rych producent\u00f3w dopuszczalne jest r\u00f3wnie\u017c realizowanie gwarancji on-line po rejestracji roweru na stronie producenta. Dok\u0142adamy wszelkich stara\u0144, aby pom\u00f3c naszym klient\u00f3w w razie k\u0142opot\u00f3w z rowerem lub [&hellip;]<\/p>\n","protected":false},"author":1,"featured_media":0,"parent":0,"menu_order":0,"comment_status":"closed","ping_status":"closed","template":"","meta":{"_et_pb_use_builder":"on","_et_pb_old_content":"","_et_gb_content_width":"","footnotes":""},"class_list":["post-267","page","type-page","status-publish","hentry"],"yoast_head":"<!-- This site is optimized with the Yoast SEO plugin v26.6 - https:\/\/yoast.com\/wordpress\/plugins\/seo\/ -->\n<title>Gwarancja - Propaganda Rowerowa<\/title>\n<meta name=\"robots\" content=\"index, follow, max-snippet:-1, max-image-preview:large, max-video-preview:-1\" \/>\n<link rel=\"canonical\" href=\"https:\/\/propagandarowerowa.com\/index.php\/gwarancja\/\" \/>\n<meta property=\"og:locale\" content=\"pl_PL\" \/>\n<meta property=\"og:type\" content=\"article\" \/>\n<meta property=\"og:title\" content=\"Gwarancja - Propaganda Rowerowa\" \/>\n<meta property=\"og:description\" content=\"Gwarancja 1. ROWERY NOWE Wszystkie nowe rowery, kt\u00f3re oferujemy obj\u0119te s\u0105 pe\u0142n\u0105 gwarancj\u0105 producent, kt\u00f3ra mo\u017ce by\u0107 w razie problemu ze sprz\u0119tem zrealizowana za naszym po\u015brednictwem. W przypadku niekt\u00f3rych producent\u00f3w dopuszczalne jest r\u00f3wnie\u017c realizowanie gwarancji on-line po rejestracji roweru na stronie producenta. Dok\u0142adamy wszelkich stara\u0144, aby pom\u00f3c naszym klient\u00f3w w razie k\u0142opot\u00f3w z rowerem lub [&hellip;]\" \/>\n<meta property=\"og:url\" content=\"https:\/\/propagandarowerowa.com\/index.php\/gwarancja\/\" \/>\n<meta property=\"og:site_name\" content=\"Propaganda Rowerowa\" \/>\n<meta property=\"article:modified_time\" content=\"2022-06-30T16:59:42+00:00\" \/>\n<meta name=\"twitter:card\" content=\"summary_large_image\" \/>\n<meta name=\"twitter:label1\" content=\"Szacowany czas czytania\" \/>\n\t<meta name=\"twitter:data1\" content=\"2 minuty\" \/>\n<script type=\"application\/ld+json\" class=\"yoast-schema-graph\">{\"@context\":\"https:\/\/schema.org\",\"@graph\":[{\"@type\":\"WebPage\",\"@id\":\"https:\/\/propagandarowerowa.com\/index.php\/gwarancja\/\",\"url\":\"https:\/\/propagandarowerowa.com\/index.php\/gwarancja\/\",\"name\":\"Gwarancja - Propaganda Rowerowa\",\"isPartOf\":{\"@id\":\"https:\/\/propagandarowerowa.com\/#website\"},\"datePublished\":\"2022-04-06T18:18:41+00:00\",\"dateModified\":\"2022-06-30T16:59:42+00:00\",\"breadcrumb\":{\"@id\":\"https:\/\/propagandarowerowa.com\/index.php\/gwarancja\/#breadcrumb\"},\"inLanguage\":\"pl-PL\",\"potentialAction\":[{\"@type\":\"ReadAction\",\"target\":[\"https:\/\/propagandarowerowa.com\/index.php\/gwarancja\/\"]}]},{\"@type\":\"BreadcrumbList\",\"@id\":\"https:\/\/propagandarowerowa.com\/index.php\/gwarancja\/#breadcrumb\",\"itemListElement\":[{\"@type\":\"ListItem\",\"position\":1,\"name\":\"Strona g\u0142\u00f3wna\",\"item\":\"https:\/\/propagandarowerowa.com\/\"},{\"@type\":\"ListItem\",\"position\":2,\"name\":\"Gwarancja\"}]},{\"@type\":\"WebSite\",\"@id\":\"https:\/\/propagandarowerowa.com\/#website\",\"url\":\"https:\/\/propagandarowerowa.com\/\",\"name\":\"Propaganda Rowerowa\",\"description\":\"\",\"potentialAction\":[{\"@type\":\"SearchAction\",\"target\":{\"@type\":\"EntryPoint\",\"urlTemplate\":\"https:\/\/propagandarowerowa.com\/?s={search_term_string}\"},\"query-input\":{\"@type\":\"PropertyValueSpecification\",\"valueRequired\":true,\"valueName\":\"search_term_string\"}}],\"inLanguage\":\"pl-PL\"}]}<\/script>\n<!-- \/ Yoast SEO plugin. -->","yoast_head_json":{"title":"Gwarancja - Propaganda Rowerowa","robots":{"index":"index","follow":"follow","max-snippet":"max-snippet:-1","max-image-preview":"max-image-preview:large","max-video-preview":"max-video-preview:-1"},"canonical":"https:\/\/propagandarowerowa.com\/index.php\/gwarancja\/","og_locale":"pl_PL","og_type":"article","og_title":"Gwarancja - Propaganda Rowerowa","og_description":"Gwarancja 1. ROWERY NOWE Wszystkie nowe rowery, kt\u00f3re oferujemy obj\u0119te s\u0105 pe\u0142n\u0105 gwarancj\u0105 producent, kt\u00f3ra mo\u017ce by\u0107 w razie problemu ze sprz\u0119tem zrealizowana za naszym po\u015brednictwem. W przypadku niekt\u00f3rych producent\u00f3w dopuszczalne jest r\u00f3wnie\u017c realizowanie gwarancji on-line po rejestracji roweru na stronie producenta. Dok\u0142adamy wszelkich stara\u0144, aby pom\u00f3c naszym klient\u00f3w w razie k\u0142opot\u00f3w z rowerem lub [&hellip;]","og_url":"https:\/\/propagandarowerowa.com\/index.php\/gwarancja\/","og_site_name":"Propaganda Rowerowa","article_modified_time":"2022-06-30T16:59:42+00:00","twitter_card":"summary_large_image","twitter_misc":{"Szacowany czas czytania":"2 minuty"},"schema":{"@context":"https:\/\/schema.org","@graph":[{"@type":"WebPage","@id":"https:\/\/propagandarowerowa.com\/index.php\/gwarancja\/","url":"https:\/\/propagandarowerowa.com\/index.php\/gwarancja\/","name":"Gwarancja - Propaganda Rowerowa","isPartOf":{"@id":"https:\/\/propagandarowerowa.com\/#website"},"datePublished":"2022-04-06T18:18:41+00:00","dateModified":"2022-06-30T16:59:42+00:00","breadcrumb":{"@id":"https:\/\/propagandarowerowa.com\/index.php\/gwarancja\/#breadcrumb"},"inLanguage":"pl-PL","potentialAction":[{"@type":"ReadAction","target":["https:\/\/propagandarowerowa.com\/index.php\/gwarancja\/"]}]},{"@type":"BreadcrumbList","@id":"https:\/\/propagandarowerowa.com\/index.php\/gwarancja\/#breadcrumb","itemListElement":[{"@type":"ListItem","position":1,"name":"Strona g\u0142\u00f3wna","item":"https:\/\/propagandarowerowa.com\/"},{"@type":"ListItem","position":2,"name":"Gwarancja"}]},{"@type":"WebSite","@id":"https:\/\/propagandarowerowa.com\/#website","url":"https:\/\/propagandarowerowa.com\/","name":"Propaganda Rowerowa","description":"","potentialAction":[{"@type":"SearchAction","target":{"@type":"EntryPoint","urlTemplate":"https:\/\/propagandarowerowa.com\/?s={search_term_string}"},"query-input":{"@type":"PropertyValueSpecification","valueRequired":true,"valueName":"search_term_string"}}],"inLanguage":"pl-PL"}]}},"jetpack_sharing_enabled":true,"_links":{"self":[{"href":"https:\/\/propagandarowerowa.com\/index.php\/wp-json\/wp\/v2\/pages\/267","targetHints":{"allow":["GET"]}}],"collection":[{"href":"https:\/\/propagandarowerowa.com\/index.php\/wp-json\/wp\/v2\/pages"}],"about":[{"href":"https:\/\/propagandarowerowa.com\/index.php\/wp-json\/wp\/v2\/types\/page"}],"author":[{"embeddable":true,"href":"https:\/\/propagandarowerowa.com\/index.php\/wp-json\/wp\/v2\/users\/1"}],"replies":[{"embeddable":true,"href":"https:\/\/propagandarowerowa.com\/index.php\/wp-json\/wp\/v2\/comments?post=267"}],"version-history":[{"count":4,"href":"https:\/\/propagandarowerowa.com\/index.php\/wp-json\/wp\/v2\/pages\/267\/revisions"}],"predecessor-version":[{"id":515,"href":"https:\/\/propagandarowerowa.com\/index.php\/wp-json\/wp\/v2\/pages\/267\/revisions\/515"}],"wp:attachment":[{"href":"https:\/\/propagandarowerowa.com\/index.php\/wp-json\/wp\/v2\/media?parent=267"}],"curies":[{"name":"wp","href":"https:\/\/api.w.org\/{rel}","templated":true}]}}