{"id":271,"date":"2022-04-06T20:20:04","date_gmt":"2022-04-06T18:20:04","guid":{"rendered":"https:\/\/propagandarowerowa.com\/?page_id=271"},"modified":"2022-07-04T16:49:37","modified_gmt":"2022-07-04T14:49:37","slug":"polityka-prywatnosci","status":"publish","type":"page","link":"https:\/\/propagandarowerowa.com\/index.php\/polityka-prywatnosci\/","title":{"rendered":"Polityka prywatno\u015bci"},"content":{"rendered":"<p>[et_pb_section fb_built=&#8221;1&#8243; fullwidth=&#8221;on&#8221; _builder_version=&#8221;4.16&#8243; background_color=&#8221;#2ea3f2&#8243; use_background_color_gradient=&#8221;on&#8221; background_color_gradient_direction=&#8221;330deg&#8221; background_color_gradient_stops=&#8221;#2ea3f2 0%|#2e6df4 100%&#8221; background_color_gradient_start=&#8221;#2ea3f2&#8243; background_color_gradient_end=&#8221;#2e6df4&#8243; global_colors_info=&#8221;{}&#8221;][et_pb_fullwidth_image title_text=&#8221;image-bg-3&#8243; module_class=&#8221;cover-image&#8221; _builder_version=&#8221;4.16.0&#8243; _module_preset=&#8221;default&#8221; background_image=&#8221;https:\/\/propagandarowerowa.com\/wp-content\/uploads\/2022\/04\/image-bg-3.jpg&#8221; min_height=&#8221;200px&#8221; global_colors_info=&#8221;{}&#8221;][\/et_pb_fullwidth_image][\/et_pb_section][et_pb_section fb_built=&#8221;1&#8243; _builder_version=&#8221;4.16&#8243; global_colors_info=&#8221;{}&#8221;][et_pb_row _builder_version=&#8221;4.16&#8243; background_size=&#8221;initial&#8221; background_position=&#8221;top_left&#8221; background_repeat=&#8221;repeat&#8221; global_colors_info=&#8221;{}&#8221;][et_pb_column type=&#8221;4_4&#8243; _builder_version=&#8221;4.16&#8243; custom_padding=&#8221;|||&#8221; global_colors_info=&#8221;{}&#8221; custom_padding__hover=&#8221;|||&#8221;][et_pb_text _builder_version=&#8221;4.16.0&#8243; background_size=&#8221;initial&#8221; background_position=&#8221;top_left&#8221; background_repeat=&#8221;repeat&#8221; global_colors_info=&#8221;{}&#8221;]<\/p>\n<h1>Polityka prywatno\u015bci<\/h1>\n<p>&nbsp;<\/p>\n<p>&nbsp;<\/p>\n<ol>\n<li>Administratorem danych osobowych jest firma Propaganda Karol Jakubicki, kt\u00f3ra dokonuje przetwarzania danych osobowych U\u017cytkownik\u00f3w zgodnie z przepisami ustawy z dnia 29 sierpnia 1997 roku o ochronie danych osobowych (t. jedn. Dz.U. z 2002 r., nr 101, poz. 926 ze zm.), Rozporz\u0105dzeniem Parlamentu Europejskiej i Rady (UE) 2016\/679 z dnia 27 kwietnia 2016 r. oraz ustawy z dnia 18 lipca 2002 roku o \u015bwiadczeniu us\u0142ug drog\u0105 elektroniczn\u0105 (Dz. U. nr 144, poz. 1204 ze zm.).<\/li>\n<li>Dane osobowe Klienta s\u0105 przetwarzane z zachowaniem zasad bezpiecze\u0144stwa, wymaganych przez RODO.<\/li>\n<li>Operator Sklepu Internetowego zbiera tylko te dane, kt\u00f3re s\u0105 niezb\u0119dne do nale\u017cytego \u015bwiadczenia oferowanych us\u0142ug, tj. realizacji z\u0142o\u017conego zam\u00f3wienia i dostawy, w tym wystawienia dowod\u00f3w zakupu i prowadzenia sprawozdawczo\u015bci ksi\u0119gowej. Dane te s\u0105 poufne i nie b\u0119d\u0105 ujawniane osobom nieuprawnionym.<\/li>\n<li>U\u017cytkownik wyra\u017ca zgod\u0119 na przekazywanie jego danych osobowych osobom trzecim wy\u0142\u0105cznie w celu i zakresie niezb\u0119dnym do prawid\u0142owej realizacji us\u0142ug \u015bwiadczonych na podstawie Regulaminu. Niniejsza zgoda obejmuje w szczeg\u00f3lno\u015bci przekazywanie danych operatorom pocztowym, firmom kurierskim oraz serwisom obs\u0142uguj\u0105cym p\u0142atno\u015bci internetowe w celu dokonania autoryzacji p\u0142atno\u015bci na zasadach okre\u015blonych w regulaminach korzystania z us\u0142ug tych serwis\u00f3w.<\/li>\n<li>U\u017cytkownik potwierdza prawid\u0142owo\u015b\u0107 danych zawartych w formularzu rejestracyjnym.<\/li>\n<li>Postanowienie niniejszego paragrafu stosuje si\u0119 odpowiednio w przypadku sk\u0142adania zam\u00f3wienia bez dokonywania rejestracji.<\/li>\n<li>Podanie danych w formularzu rejestrowym jest niezb\u0119dne do \u015bwiadczenia us\u0142ug drog\u0105 elektroniczn\u0105.<\/li>\n<li>Dane osobowe U\u017cytkownik\u00f3w podlegaj\u0105 ochronie prawnej. Dane te s\u0105 szczeg\u00f3lnie chronione i zabezpieczone przed dost\u0119pem os\u00f3b nieupowa\u017cnionych.<\/li>\n<li>Operator Sklepu Internetowego nie udost\u0119pni w \u017caden inny spos\u00f3b, ni\u017c to wynika<br \/>z celu dzia\u0142alno\u015bci oraz zakresu udzielonej zgody i o\u015bwiadcze\u0144, informacji i danych o U\u017cytkownikach jakimkolwiek innym podmiotom trzecim bez podstawy prawnej nakazuj\u0105cej Operatorowi Sklepu Internetowego takie dzia\u0142anie.<\/li>\n<li>Operator Sklepu Internetowego zapewnia U\u017cytkownikom realizacj\u0119 uprawnie\u0144 wynikaj\u0105cych z przepis\u00f3w prawa, w szczeg\u00f3lno\u015bci ustawy o ochronie danych osobowych oraz RODO, w szczeg\u00f3lno\u015bci U\u017cytkownik ma prawo wgl\u0105du do swoich danych osobowych, w celu ich weryfikacji, modyfikacji lub wyst\u0105pienia o ich usuni\u0119cie z bazy danych osobowych Administratora.<\/li>\n<li>U\u017cytkownik mo\u017ce wyst\u0105pi\u0107 o usuni\u0119cie swoich danych osobowych, w ka\u017cdej formie, mi\u0119dzy innymi poprzez:\n<ol>\n<li>przes\u0142anie wniosku na adres e-mail:\u00a0<a href=\"mailto:propagandarowerowa@gmail.com\">propagandarowerowa@gmail.com<\/a><u>.<\/u><\/li>\n<li>przes\u0142anie wniosku drog\u0105 pocztow\u0105 na adres siedziby Sprzedaj\u0105cego:\u00a0Propaganda Rowerowa, Czarnomorska 13, 02-758 Warszawa<\/li>\n<\/ol>\n<\/li>\n<li>Operator Sklepu Internetowego, na wniosek U\u017cytkownika udziela informacji o przys\u0142uguj\u0105cych U\u017cytkownikowi prawach oraz udziela wszelkich informacji, zwi\u0105zanych z przetwarzaniem jego danych osobowych.<\/li>\n<li>Skorzystanie z prawa usuni\u0119cia w\u0142asnych danych z bazy Sklepu Internetowego jest r\u00f3wnoznaczne z wyrejestrowaniem si\u0119 U\u017cytkownika oraz wypowiedzeniem umowy o \u015bwiadczenie us\u0142ug drog\u0105 elektroniczn\u0105.<\/li>\n<li>Wraz z usuni\u0119ciem Konta U\u017cytkownika Operator Sklepu Internetowego trwale usuwa dane U\u017cytkownika i zaprzestaje ich przetwarzania.<\/li>\n<\/ol>\n<p>[\/et_pb_text][\/et_pb_column][\/et_pb_row][\/et_pb_section]<\/p>\n","protected":false},"excerpt":{"rendered":"<p>Polityka prywatno\u015bci &nbsp; &nbsp; Administratorem danych osobowych jest firma Propaganda Karol Jakubicki, kt\u00f3ra dokonuje przetwarzania danych osobowych U\u017cytkownik\u00f3w zgodnie z przepisami ustawy z dnia 29 sierpnia 1997 roku o ochronie danych osobowych (t. jedn. Dz.U. z 2002 r., nr 101, poz. 926 ze zm.), Rozporz\u0105dzeniem Parlamentu Europejskiej i Rady (UE) 2016\/679 z dnia 27 kwietnia [&hellip;]<\/p>\n","protected":false},"author":1,"featured_media":0,"parent":0,"menu_order":0,"comment_status":"closed","ping_status":"closed","template":"","meta":{"_et_pb_use_builder":"on","_et_pb_old_content":"","_et_gb_content_width":"","footnotes":""},"class_list":["post-271","page","type-page","status-publish","hentry"],"yoast_head":"<!-- This site is optimized with the Yoast SEO plugin v26.6 - https:\/\/yoast.com\/wordpress\/plugins\/seo\/ -->\n<title>Polityka prywatno\u015bci - Propaganda Rowerowa<\/title>\n<meta name=\"robots\" content=\"index, follow, max-snippet:-1, max-image-preview:large, max-video-preview:-1\" \/>\n<link rel=\"canonical\" href=\"https:\/\/propagandarowerowa.com\/index.php\/polityka-prywatnosci\/\" \/>\n<meta property=\"og:locale\" content=\"pl_PL\" \/>\n<meta property=\"og:type\" content=\"article\" \/>\n<meta property=\"og:title\" content=\"Polityka prywatno\u015bci - Propaganda Rowerowa\" \/>\n<meta property=\"og:description\" content=\"Polityka prywatno\u015bci &nbsp; &nbsp; Administratorem danych osobowych jest firma Propaganda Karol Jakubicki, kt\u00f3ra dokonuje przetwarzania danych osobowych U\u017cytkownik\u00f3w zgodnie z przepisami ustawy z dnia 29 sierpnia 1997 roku o ochronie danych osobowych (t. jedn. Dz.U. z 2002 r., nr 101, poz. 926 ze zm.), Rozporz\u0105dzeniem Parlamentu Europejskiej i Rady (UE) 2016\/679 z dnia 27 kwietnia [&hellip;]\" \/>\n<meta property=\"og:url\" content=\"https:\/\/propagandarowerowa.com\/index.php\/polityka-prywatnosci\/\" \/>\n<meta property=\"og:site_name\" content=\"Propaganda Rowerowa\" \/>\n<meta property=\"article:modified_time\" content=\"2022-07-04T14:49:37+00:00\" \/>\n<meta name=\"twitter:card\" content=\"summary_large_image\" \/>\n<meta name=\"twitter:label1\" content=\"Szacowany czas czytania\" \/>\n\t<meta name=\"twitter:data1\" content=\"3 minuty\" \/>\n<script type=\"application\/ld+json\" class=\"yoast-schema-graph\">{\"@context\":\"https:\/\/schema.org\",\"@graph\":[{\"@type\":\"WebPage\",\"@id\":\"https:\/\/propagandarowerowa.com\/index.php\/polityka-prywatnosci\/\",\"url\":\"https:\/\/propagandarowerowa.com\/index.php\/polityka-prywatnosci\/\",\"name\":\"Polityka prywatno\u015bci - Propaganda Rowerowa\",\"isPartOf\":{\"@id\":\"https:\/\/propagandarowerowa.com\/#website\"},\"datePublished\":\"2022-04-06T18:20:04+00:00\",\"dateModified\":\"2022-07-04T14:49:37+00:00\",\"breadcrumb\":{\"@id\":\"https:\/\/propagandarowerowa.com\/index.php\/polityka-prywatnosci\/#breadcrumb\"},\"inLanguage\":\"pl-PL\",\"potentialAction\":[{\"@type\":\"ReadAction\",\"target\":[\"https:\/\/propagandarowerowa.com\/index.php\/polityka-prywatnosci\/\"]}]},{\"@type\":\"BreadcrumbList\",\"@id\":\"https:\/\/propagandarowerowa.com\/index.php\/polityka-prywatnosci\/#breadcrumb\",\"itemListElement\":[{\"@type\":\"ListItem\",\"position\":1,\"name\":\"Strona g\u0142\u00f3wna\",\"item\":\"https:\/\/propagandarowerowa.com\/\"},{\"@type\":\"ListItem\",\"position\":2,\"name\":\"Polityka prywatno\u015bci\"}]},{\"@type\":\"WebSite\",\"@id\":\"https:\/\/propagandarowerowa.com\/#website\",\"url\":\"https:\/\/propagandarowerowa.com\/\",\"name\":\"Propaganda Rowerowa\",\"description\":\"\",\"potentialAction\":[{\"@type\":\"SearchAction\",\"target\":{\"@type\":\"EntryPoint\",\"urlTemplate\":\"https:\/\/propagandarowerowa.com\/?s={search_term_string}\"},\"query-input\":{\"@type\":\"PropertyValueSpecification\",\"valueRequired\":true,\"valueName\":\"search_term_string\"}}],\"inLanguage\":\"pl-PL\"}]}<\/script>\n<!-- \/ Yoast SEO plugin. -->","yoast_head_json":{"title":"Polityka prywatno\u015bci - Propaganda Rowerowa","robots":{"index":"index","follow":"follow","max-snippet":"max-snippet:-1","max-image-preview":"max-image-preview:large","max-video-preview":"max-video-preview:-1"},"canonical":"https:\/\/propagandarowerowa.com\/index.php\/polityka-prywatnosci\/","og_locale":"pl_PL","og_type":"article","og_title":"Polityka prywatno\u015bci - Propaganda Rowerowa","og_description":"Polityka prywatno\u015bci &nbsp; &nbsp; Administratorem danych osobowych jest firma Propaganda Karol Jakubicki, kt\u00f3ra dokonuje przetwarzania danych osobowych U\u017cytkownik\u00f3w zgodnie z przepisami ustawy z dnia 29 sierpnia 1997 roku o ochronie danych osobowych (t. jedn. Dz.U. z 2002 r., nr 101, poz. 926 ze zm.), Rozporz\u0105dzeniem Parlamentu Europejskiej i Rady (UE) 2016\/679 z dnia 27 kwietnia [&hellip;]","og_url":"https:\/\/propagandarowerowa.com\/index.php\/polityka-prywatnosci\/","og_site_name":"Propaganda Rowerowa","article_modified_time":"2022-07-04T14:49:37+00:00","twitter_card":"summary_large_image","twitter_misc":{"Szacowany czas czytania":"3 minuty"},"schema":{"@context":"https:\/\/schema.org","@graph":[{"@type":"WebPage","@id":"https:\/\/propagandarowerowa.com\/index.php\/polityka-prywatnosci\/","url":"https:\/\/propagandarowerowa.com\/index.php\/polityka-prywatnosci\/","name":"Polityka prywatno\u015bci - Propaganda Rowerowa","isPartOf":{"@id":"https:\/\/propagandarowerowa.com\/#website"},"datePublished":"2022-04-06T18:20:04+00:00","dateModified":"2022-07-04T14:49:37+00:00","breadcrumb":{"@id":"https:\/\/propagandarowerowa.com\/index.php\/polityka-prywatnosci\/#breadcrumb"},"inLanguage":"pl-PL","potentialAction":[{"@type":"ReadAction","target":["https:\/\/propagandarowerowa.com\/index.php\/polityka-prywatnosci\/"]}]},{"@type":"BreadcrumbList","@id":"https:\/\/propagandarowerowa.com\/index.php\/polityka-prywatnosci\/#breadcrumb","itemListElement":[{"@type":"ListItem","position":1,"name":"Strona g\u0142\u00f3wna","item":"https:\/\/propagandarowerowa.com\/"},{"@type":"ListItem","position":2,"name":"Polityka prywatno\u015bci"}]},{"@type":"WebSite","@id":"https:\/\/propagandarowerowa.com\/#website","url":"https:\/\/propagandarowerowa.com\/","name":"Propaganda Rowerowa","description":"","potentialAction":[{"@type":"SearchAction","target":{"@type":"EntryPoint","urlTemplate":"https:\/\/propagandarowerowa.com\/?s={search_term_string}"},"query-input":{"@type":"PropertyValueSpecification","valueRequired":true,"valueName":"search_term_string"}}],"inLanguage":"pl-PL"}]}},"jetpack_sharing_enabled":true,"_links":{"self":[{"href":"https:\/\/propagandarowerowa.com\/index.php\/wp-json\/wp\/v2\/pages\/271","targetHints":{"allow":["GET"]}}],"collection":[{"href":"https:\/\/propagandarowerowa.com\/index.php\/wp-json\/wp\/v2\/pages"}],"about":[{"href":"https:\/\/propagandarowerowa.com\/index.php\/wp-json\/wp\/v2\/types\/page"}],"author":[{"embeddable":true,"href":"https:\/\/propagandarowerowa.com\/index.php\/wp-json\/wp\/v2\/users\/1"}],"replies":[{"embeddable":true,"href":"https:\/\/propagandarowerowa.com\/index.php\/wp-json\/wp\/v2\/comments?post=271"}],"version-history":[{"count":4,"href":"https:\/\/propagandarowerowa.com\/index.php\/wp-json\/wp\/v2\/pages\/271\/revisions"}],"predecessor-version":[{"id":524,"href":"https:\/\/propagandarowerowa.com\/index.php\/wp-json\/wp\/v2\/pages\/271\/revisions\/524"}],"wp:attachment":[{"href":"https:\/\/propagandarowerowa.com\/index.php\/wp-json\/wp\/v2\/media?parent=271"}],"curies":[{"name":"wp","href":"https:\/\/api.w.org\/{rel}","templated":true}]}}