{"id":45,"date":"2022-03-18T23:05:21","date_gmt":"2022-03-18T22:05:21","guid":{"rendered":"https:\/\/propagandarowerowa.com\/?page_id=45"},"modified":"2022-04-06T21:34:37","modified_gmt":"2022-04-06T19:34:37","slug":"sklep","status":"publish","type":"page","link":"https:\/\/propagandarowerowa.com\/","title":{"rendered":"Sklep"},"content":{"rendered":"<p>[et_pb_section fb_built=&#8221;1&#8243; fullwidth=&#8221;on&#8221; module_class=&#8221;main-banner-container&#8221; _builder_version=&#8221;4.16.0&#8243; background_color=&#8221;#2ea3f2&#8243; use_background_color_gradient=&#8221;on&#8221; background_color_gradient_direction=&#8221;330deg&#8221; background_color_gradient_stops=&#8221;#2ea3f2 0%|#2e6df4 100%&#8221; background_color_gradient_start=&#8221;#2ea3f2&#8243; background_color_gradient_end=&#8221;#2e6df4&#8243; custom_css_before=&#8221;||&#8221; global_colors_info=&#8221;{}&#8221;][et_pb_fullwidth_code module_class=&#8221;banner-content&#8221; _builder_version=&#8221;4.16.0&#8243; _module_preset=&#8221;default&#8221; global_colors_info=&#8221;{}&#8221;]<\/p>\n<div class=\"banner-content\"><!-- [et_pb_line_break_holder] --><\/p>\n<div class=\"et_pb_button_wrapper\"><a class=\"et_pb_button et_pb_promo_button\" href=\"https:\/\/propagandarowerowa.com\/index.php\/kategoria-produktu\/rowery\/\">Sprawd\u017a nasze rowery<\/a><\/div>\n<p><!-- [et_pb_line_break_holder] --><\/div>\n<p>[\/et_pb_fullwidth_code][et_pb_fullwidth_image title_text=&#8221;shop-bg&#8221; module_class=&#8221;main-baner cover-image&#8221; _builder_version=&#8221;4.16.1&#8243; _module_preset=&#8221;default&#8221; background_color=&#8221;#000000&#8243; background_image=&#8221;https:\/\/propagandarowerowa.com\/wp-content\/uploads\/2022\/04\/shop-bg.jpg&#8221; height=&#8221;100vh&#8221; filter_saturate=&#8221;0%&#8221; hover_enabled=&#8221;0&#8243; global_colors_info=&#8221;{}&#8221; sticky_enabled=&#8221;0&#8243;][\/et_pb_fullwidth_image][\/et_pb_section][et_pb_section fb_built=&#8221;1&#8243; _builder_version=&#8221;4.16&#8243; global_colors_info=&#8221;{}&#8221;][et_pb_row _builder_version=&#8221;4.16&#8243; background_size=&#8221;initial&#8221; background_position=&#8221;top_left&#8221; background_repeat=&#8221;repeat&#8221; global_colors_info=&#8221;{}&#8221;][et_pb_column type=&#8221;4_4&#8243; _builder_version=&#8221;4.16&#8243; custom_padding=&#8221;|||&#8221; global_colors_info=&#8221;{}&#8221; custom_padding__hover=&#8221;|||&#8221;][et_pb_text _builder_version=&#8221;4.16.0&#8243; _module_preset=&#8221;default&#8221; global_colors_info=&#8221;{}&#8221;]<\/p>\n<h2><strong>Najnowsze promocje<\/strong><\/h2>\n<p>[\/et_pb_text][et_pb_shop type=&#8221;sale&#8221; posts_number=&#8221;4&#8243; orderby=&#8221;menu_order&#8221; sale_badge_color=&#8221;#000000&#8243; icon_hover_color=&#8221;#000000&#8243; _builder_version=&#8221;4.16.0&#8243; sale_badge_custom_margin=&#8221;-10px|0px|0px|-10px|false|false&#8221; sale_badge_custom_padding=&#8221;4px|12px|4px|12px|false|false&#8221; title_font=&#8221;|600|||||||&#8221; title_font_size=&#8221;16px&#8221; price_text_align=&#8221;center&#8221; sale_badge_font_size=&#8221;16px&#8221; text_orientation=&#8221;center&#8221; width=&#8221;100%&#8221; max_width=&#8221;100%&#8221; custom_margin=&#8221;0px||||false|false&#8221; animation_style=&#8221;fade&#8221; border_color_all_image=&#8221;#000000&#8243; border_radii_sale_badge=&#8221;on|0px|0px|0px|0px&#8221; border_color_all_sale_badge=&#8221;#000000&#8243; global_module=&#8221;169&#8243; saved_tabs=&#8221;all&#8221; global_colors_info=&#8221;{}&#8221;][\/et_pb_shop][et_pb_cta title=&#8221;Potrzebujesz serwisu?&#8221; button_url=&#8221;https:\/\/propagandarowerowa.com\/index.php\/serwis\/&#8221; button_text=&#8221;Sprawd\u017a&#8221; module_class=&#8221;cover-image&#8221; _builder_version=&#8221;4.16.0&#8243; background_color=&#8221;#171717&#8243; background_image=&#8221;https:\/\/propagandarowerowa.com\/wp-content\/uploads\/2022\/04\/image-bg-2.jpg&#8221; background_size=&#8221;initial&#8221; background_position=&#8221;top_left&#8221; background_repeat=&#8221;repeat&#8221; global_colors_info=&#8221;{}&#8221; button_text_size__hover_enabled=&#8221;off&#8221; button_one_text_size__hover_enabled=&#8221;off&#8221; button_two_text_size__hover_enabled=&#8221;off&#8221; button_text_color__hover_enabled=&#8221;off&#8221; button_one_text_color__hover_enabled=&#8221;off&#8221; button_two_text_color__hover_enabled=&#8221;off&#8221; button_border_width__hover_enabled=&#8221;off&#8221; button_one_border_width__hover_enabled=&#8221;off&#8221; button_two_border_width__hover_enabled=&#8221;off&#8221; button_border_color__hover_enabled=&#8221;off&#8221; button_one_border_color__hover_enabled=&#8221;off&#8221; button_two_border_color__hover_enabled=&#8221;off&#8221; button_border_radius__hover_enabled=&#8221;off&#8221; button_one_border_radius__hover_enabled=&#8221;off&#8221; button_two_border_radius__hover_enabled=&#8221;off&#8221; button_letter_spacing__hover_enabled=&#8221;off&#8221; button_one_letter_spacing__hover_enabled=&#8221;off&#8221; button_two_letter_spacing__hover_enabled=&#8221;off&#8221; button_bg_color__hover_enabled=&#8221;off&#8221; button_one_bg_color__hover_enabled=&#8221;off&#8221; button_two_bg_color__hover_enabled=&#8221;off&#8221;][\/et_pb_cta][\/et_pb_column][\/et_pb_row][et_pb_row _builder_version=&#8221;4.16&#8243; background_size=&#8221;initial&#8221; background_position=&#8221;top_left&#8221; background_repeat=&#8221;repeat&#8221; global_colors_info=&#8221;{}&#8221;][et_pb_column type=&#8221;4_4&#8243; _builder_version=&#8221;4.16&#8243; custom_padding=&#8221;|||&#8221; global_colors_info=&#8221;{}&#8221; custom_padding__hover=&#8221;|||&#8221;][et_pb_text _builder_version=&#8221;4.16.0&#8243; _module_preset=&#8221;default&#8221; global_colors_info=&#8221;{}&#8221;]<\/p>\n<h2><strong>Najnowsze produkty<\/strong><\/h2>\n<p>[\/et_pb_text][et_pb_shop type=&#8221;latest&#8221; posts_number=&#8221;4&#8243; sale_badge_color=&#8221;#000000&#8243; icon_hover_color=&#8221;#000000&#8243; _builder_version=&#8221;4.16.0&#8243; sale_badge_custom_margin=&#8221;-10px|0px|0px|-10px|false|false&#8221; sale_badge_custom_padding=&#8221;4px|12px|4px|12px|false|false&#8221; title_font=&#8221;|600|||||||&#8221; title_font_size=&#8221;16px&#8221; price_text_align=&#8221;center&#8221; sale_badge_font_size=&#8221;16px&#8221; text_orientation=&#8221;center&#8221; width=&#8221;100%&#8221; max_width=&#8221;100%&#8221; custom_margin=&#8221;0px||||false|false&#8221; animation_style=&#8221;fade&#8221; border_color_all_image=&#8221;#000000&#8243; border_radii_sale_badge=&#8221;on|0px|0px|0px|0px&#8221; border_color_all_sale_badge=&#8221;#000000&#8243; global_colors_info=&#8221;{}&#8221;][\/et_pb_shop][\/et_pb_column][\/et_pb_row][et_pb_row _builder_version=&#8221;4.16&#8243; background_size=&#8221;initial&#8221; background_position=&#8221;top_left&#8221; background_repeat=&#8221;repeat&#8221; global_colors_info=&#8221;{}&#8221;][et_pb_column type=&#8221;4_4&#8243; _builder_version=&#8221;4.16&#8243; custom_padding=&#8221;|||&#8221; global_colors_info=&#8221;{}&#8221; custom_padding__hover=&#8221;|||&#8221;][et_pb_cta title=&#8221;Masz pytania?&#8221; button_url=&#8221;https:\/\/propagandarowerowa.com\/index.php\/kontakt\/&#8221; button_text=&#8221;Kontakt&#8221; module_class=&#8221;cover-image&#8221; _builder_version=&#8221;4.16.0&#8243; background_color=&#8221;#171717&#8243; background_image=&#8221;https:\/\/propagandarowerowa.com\/wp-content\/uploads\/2022\/04\/image-bg-1.jpg&#8221; background_size=&#8221;initial&#8221; background_position=&#8221;top_left&#8221; background_repeat=&#8221;repeat&#8221; global_colors_info=&#8221;{}&#8221; button_text_size__hover_enabled=&#8221;off&#8221; button_one_text_size__hover_enabled=&#8221;off&#8221; button_two_text_size__hover_enabled=&#8221;off&#8221; button_text_color__hover_enabled=&#8221;off&#8221; button_one_text_color__hover_enabled=&#8221;off&#8221; button_two_text_color__hover_enabled=&#8221;off&#8221; button_border_width__hover_enabled=&#8221;off&#8221; button_one_border_width__hover_enabled=&#8221;off&#8221; button_two_border_width__hover_enabled=&#8221;off&#8221; button_border_color__hover_enabled=&#8221;off&#8221; button_one_border_color__hover_enabled=&#8221;off&#8221; button_two_border_color__hover_enabled=&#8221;off&#8221; button_border_radius__hover_enabled=&#8221;off&#8221; button_one_border_radius__hover_enabled=&#8221;off&#8221; button_two_border_radius__hover_enabled=&#8221;off&#8221; button_letter_spacing__hover_enabled=&#8221;off&#8221; button_one_letter_spacing__hover_enabled=&#8221;off&#8221; button_two_letter_spacing__hover_enabled=&#8221;off&#8221; button_bg_color__hover_enabled=&#8221;off&#8221; button_one_bg_color__hover_enabled=&#8221;off&#8221; button_two_bg_color__hover_enabled=&#8221;off&#8221;][\/et_pb_cta][\/et_pb_column][\/et_pb_row][\/et_pb_section]<\/p>\n","protected":false},"excerpt":{"rendered":"<p>Najnowsze promocjeNajnowsze produkty<\/p>\n","protected":false},"author":1,"featured_media":0,"parent":0,"menu_order":0,"comment_status":"closed","ping_status":"closed","template":"","meta":{"_et_pb_use_builder":"on","_et_pb_old_content":"","_et_gb_content_width":"","footnotes":""},"class_list":["post-45","page","type-page","status-publish","hentry"],"yoast_head":"<!-- This site is optimized with the Yoast SEO plugin v26.6 - https:\/\/yoast.com\/wordpress\/plugins\/seo\/ -->\n<title>Sklep rowerowy Warszawa - Propaganda rowerowa<\/title>\n<meta name=\"description\" content=\"Poznaj ofert\u0119 naszego sklepu! Szeroki wyb\u00f3r rower\u00f3w trekkingowych, crossowych, MTB elektrycznych. Najpopularniejsze marki - Trek, Merida, Cube, Giant, Specialized. Serwis rowerowy w Warszawie.\" \/>\n<meta name=\"robots\" content=\"index, follow, max-snippet:-1, max-image-preview:large, max-video-preview:-1\" \/>\n<link rel=\"canonical\" href=\"https:\/\/propagandarowerowa.com\/\" \/>\n<meta property=\"og:locale\" content=\"pl_PL\" \/>\n<meta property=\"og:type\" content=\"article\" \/>\n<meta property=\"og:title\" content=\"Sklep rowerowy Warszawa - Propaganda rowerowa\" \/>\n<meta property=\"og:description\" content=\"Poznaj ofert\u0119 naszego sklepu! Szeroki wyb\u00f3r rower\u00f3w trekkingowych, crossowych, MTB elektrycznych. Najpopularniejsze marki - Trek, Merida, Cube, Giant, Specialized. Serwis rowerowy w Warszawie.\" \/>\n<meta property=\"og:url\" content=\"https:\/\/propagandarowerowa.com\/\" \/>\n<meta property=\"og:site_name\" content=\"Propaganda Rowerowa\" \/>\n<meta property=\"article:modified_time\" content=\"2022-04-06T19:34:37+00:00\" \/>\n<meta name=\"twitter:card\" content=\"summary_large_image\" \/>\n<meta name=\"twitter:label1\" content=\"Szacowany czas czytania\" \/>\n\t<meta name=\"twitter:data1\" content=\"4 minuty\" \/>\n<script type=\"application\/ld+json\" class=\"yoast-schema-graph\">{\"@context\":\"https:\/\/schema.org\",\"@graph\":[{\"@type\":\"WebPage\",\"@id\":\"https:\/\/propagandarowerowa.com\/\",\"url\":\"https:\/\/propagandarowerowa.com\/\",\"name\":\"Sklep rowerowy Warszawa - Propaganda rowerowa\",\"isPartOf\":{\"@id\":\"https:\/\/propagandarowerowa.com\/#website\"},\"datePublished\":\"2022-03-18T22:05:21+00:00\",\"dateModified\":\"2022-04-06T19:34:37+00:00\",\"description\":\"Poznaj ofert\u0119 naszego sklepu! Szeroki wyb\u00f3r rower\u00f3w trekkingowych, crossowych, MTB elektrycznych. Najpopularniejsze marki - Trek, Merida, Cube, Giant, Specialized. Serwis rowerowy w Warszawie.\",\"breadcrumb\":{\"@id\":\"https:\/\/propagandarowerowa.com\/#breadcrumb\"},\"inLanguage\":\"pl-PL\",\"potentialAction\":[{\"@type\":\"ReadAction\",\"target\":[\"https:\/\/propagandarowerowa.com\/\"]}]},{\"@type\":\"BreadcrumbList\",\"@id\":\"https:\/\/propagandarowerowa.com\/#breadcrumb\",\"itemListElement\":[{\"@type\":\"ListItem\",\"position\":1,\"name\":\"Strona g\u0142\u00f3wna\",\"item\":\"https:\/\/propagandarowerowa.com\/\"},{\"@type\":\"ListItem\",\"position\":2,\"name\":\"Sklep\"}]},{\"@type\":\"WebSite\",\"@id\":\"https:\/\/propagandarowerowa.com\/#website\",\"url\":\"https:\/\/propagandarowerowa.com\/\",\"name\":\"Propaganda Rowerowa\",\"description\":\"\",\"potentialAction\":[{\"@type\":\"SearchAction\",\"target\":{\"@type\":\"EntryPoint\",\"urlTemplate\":\"https:\/\/propagandarowerowa.com\/?s={search_term_string}\"},\"query-input\":{\"@type\":\"PropertyValueSpecification\",\"valueRequired\":true,\"valueName\":\"search_term_string\"}}],\"inLanguage\":\"pl-PL\"}]}<\/script>\n<!-- \/ Yoast SEO plugin. -->","yoast_head_json":{"title":"Sklep rowerowy Warszawa - Propaganda rowerowa","description":"Poznaj ofert\u0119 naszego sklepu! Szeroki wyb\u00f3r rower\u00f3w trekkingowych, crossowych, MTB elektrycznych. Najpopularniejsze marki - Trek, Merida, Cube, Giant, Specialized. Serwis rowerowy w Warszawie.","robots":{"index":"index","follow":"follow","max-snippet":"max-snippet:-1","max-image-preview":"max-image-preview:large","max-video-preview":"max-video-preview:-1"},"canonical":"https:\/\/propagandarowerowa.com\/","og_locale":"pl_PL","og_type":"article","og_title":"Sklep rowerowy Warszawa - Propaganda rowerowa","og_description":"Poznaj ofert\u0119 naszego sklepu! Szeroki wyb\u00f3r rower\u00f3w trekkingowych, crossowych, MTB elektrycznych. Najpopularniejsze marki - Trek, Merida, Cube, Giant, Specialized. Serwis rowerowy w Warszawie.","og_url":"https:\/\/propagandarowerowa.com\/","og_site_name":"Propaganda Rowerowa","article_modified_time":"2022-04-06T19:34:37+00:00","twitter_card":"summary_large_image","twitter_misc":{"Szacowany czas czytania":"4 minuty"},"schema":{"@context":"https:\/\/schema.org","@graph":[{"@type":"WebPage","@id":"https:\/\/propagandarowerowa.com\/","url":"https:\/\/propagandarowerowa.com\/","name":"Sklep rowerowy Warszawa - Propaganda rowerowa","isPartOf":{"@id":"https:\/\/propagandarowerowa.com\/#website"},"datePublished":"2022-03-18T22:05:21+00:00","dateModified":"2022-04-06T19:34:37+00:00","description":"Poznaj ofert\u0119 naszego sklepu! Szeroki wyb\u00f3r rower\u00f3w trekkingowych, crossowych, MTB elektrycznych. Najpopularniejsze marki - Trek, Merida, Cube, Giant, Specialized. Serwis rowerowy w Warszawie.","breadcrumb":{"@id":"https:\/\/propagandarowerowa.com\/#breadcrumb"},"inLanguage":"pl-PL","potentialAction":[{"@type":"ReadAction","target":["https:\/\/propagandarowerowa.com\/"]}]},{"@type":"BreadcrumbList","@id":"https:\/\/propagandarowerowa.com\/#breadcrumb","itemListElement":[{"@type":"ListItem","position":1,"name":"Strona g\u0142\u00f3wna","item":"https:\/\/propagandarowerowa.com\/"},{"@type":"ListItem","position":2,"name":"Sklep"}]},{"@type":"WebSite","@id":"https:\/\/propagandarowerowa.com\/#website","url":"https:\/\/propagandarowerowa.com\/","name":"Propaganda Rowerowa","description":"","potentialAction":[{"@type":"SearchAction","target":{"@type":"EntryPoint","urlTemplate":"https:\/\/propagandarowerowa.com\/?s={search_term_string}"},"query-input":{"@type":"PropertyValueSpecification","valueRequired":true,"valueName":"search_term_string"}}],"inLanguage":"pl-PL"}]}},"jetpack_sharing_enabled":true,"_links":{"self":[{"href":"https:\/\/propagandarowerowa.com\/index.php\/wp-json\/wp\/v2\/pages\/45","targetHints":{"allow":["GET"]}}],"collection":[{"href":"https:\/\/propagandarowerowa.com\/index.php\/wp-json\/wp\/v2\/pages"}],"about":[{"href":"https:\/\/propagandarowerowa.com\/index.php\/wp-json\/wp\/v2\/types\/page"}],"author":[{"embeddable":true,"href":"https:\/\/propagandarowerowa.com\/index.php\/wp-json\/wp\/v2\/users\/1"}],"replies":[{"embeddable":true,"href":"https:\/\/propagandarowerowa.com\/index.php\/wp-json\/wp\/v2\/comments?post=45"}],"version-history":[{"count":19,"href":"https:\/\/propagandarowerowa.com\/index.php\/wp-json\/wp\/v2\/pages\/45\/revisions"}],"predecessor-version":[{"id":301,"href":"https:\/\/propagandarowerowa.com\/index.php\/wp-json\/wp\/v2\/pages\/45\/revisions\/301"}],"wp:attachment":[{"href":"https:\/\/propagandarowerowa.com\/index.php\/wp-json\/wp\/v2\/media?parent=45"}],"curies":[{"name":"wp","href":"https:\/\/api.w.org\/{rel}","templated":true}]}}