{"id":98,"date":"2022-04-02T14:55:20","date_gmt":"2022-04-02T12:55:20","guid":{"rendered":"https:\/\/propagandarowerowa.com\/?page_id=98"},"modified":"2023-01-19T07:28:14","modified_gmt":"2023-01-19T06:28:14","slug":"kontakt","status":"publish","type":"page","link":"https:\/\/propagandarowerowa.com\/index.php\/kontakt\/","title":{"rendered":"Kontakt"},"content":{"rendered":"<p>[et_pb_section fb_built=&#8221;1&#8243; fullwidth=&#8221;on&#8221; _builder_version=&#8221;4.17.4&#8243; _module_preset=&#8221;default&#8221; global_colors_info=&#8221;{}&#8221;][et_pb_fullwidth_map address=&#8221;Czarnomorska 13, Warsaw&#8221; zoom_level=&#8221;16&#8243; address_lat=&#8221;52.17995175369&#8243; address_lng=&#8221;21.045907568357&#8243; _builder_version=&#8221;4.17.6&#8243; _module_preset=&#8221;default&#8221; hover_enabled=&#8221;0&#8243; global_colors_info=&#8221;{}&#8221; sticky_enabled=&#8221;0&#8243;][et_pb_map_pin title=&#8221;Sklep&#8221; pin_address=&#8221;Czarnomorska 13, Warszawa&#8221; zoom_level=&#8221;19&#8243; _builder_version=&#8221;4.17.4&#8243; _module_preset=&#8221;default&#8221; global_colors_info=&#8221;{}&#8221;][\/et_pb_map_pin][et_pb_map_pin _builder_version=&#8221;4.17.6&#8243; _module_preset=&#8221;default&#8221; pin_address=&#8221;Czarnomorska 13, Warszawa&#8221; zoom_level=&#8221;20&#8243; pin_address_lat=&#8221;52.179642449727&#8243; pin_address_lng=&#8221;21.045915484428&#8243; hover_enabled=&#8221;0&#8243; sticky_enabled=&#8221;0&#8243;][\/et_pb_map_pin][\/et_pb_fullwidth_map][\/et_pb_section][et_pb_section fb_built=&#8221;1&#8243; _builder_version=&#8221;4.16&#8243; global_colors_info=&#8221;{}&#8221;][et_pb_row column_structure=&#8221;2_3,1_3&#8243; _builder_version=&#8221;4.16&#8243; background_size=&#8221;initial&#8221; background_position=&#8221;top_left&#8221; background_repeat=&#8221;repeat&#8221; global_colors_info=&#8221;{}&#8221;][et_pb_column type=&#8221;2_3&#8243; _builder_version=&#8221;4.16&#8243; custom_padding=&#8221;|||&#8221; global_colors_info=&#8221;{}&#8221; custom_padding__hover=&#8221;|||&#8221;][et_pb_contact_form email=&#8221;propagandarowerowa@gmail.com&#8221; title=&#8221;Zadaj nam pytanie&#8221; success_message=&#8221;Dzi\u0119kujemy za przes\u0142anie wiadomo\u015bci&#8221; module_id=&#8221;et_pb_contact_form_0&#8243; _builder_version=&#8221;4.17.6&#8243; form_field_background_color=&#8221;#f7f7f7&#8243; form_field_font=&#8221;Roboto||||||||&#8221; animation_style=&#8221;fade&#8221; form_background_color=&#8221;#f7f7f7&#8243; global_colors_info=&#8221;{}&#8221;][et_pb_contact_field field_id=&#8221;name&#8221; field_title=&#8221;Imi\u0119 i nazwisko&#8221; _builder_version=&#8221;4.16.0&#8243; form_field_font=&#8221;||||||||&#8221; global_colors_info=&#8221;{}&#8221; button_text_size__hover_enabled=&#8221;off&#8221; button_one_text_size__hover_enabled=&#8221;off&#8221; button_two_text_size__hover_enabled=&#8221;off&#8221; button_text_color__hover_enabled=&#8221;off&#8221; button_one_text_color__hover_enabled=&#8221;off&#8221; button_two_text_color__hover_enabled=&#8221;off&#8221; button_border_width__hover_enabled=&#8221;off&#8221; button_one_border_width__hover_enabled=&#8221;off&#8221; button_two_border_width__hover_enabled=&#8221;off&#8221; button_border_color__hover_enabled=&#8221;off&#8221; button_one_border_color__hover_enabled=&#8221;off&#8221; button_two_border_color__hover_enabled=&#8221;off&#8221; button_border_radius__hover_enabled=&#8221;off&#8221; button_one_border_radius__hover_enabled=&#8221;off&#8221; button_two_border_radius__hover_enabled=&#8221;off&#8221; button_letter_spacing__hover_enabled=&#8221;off&#8221; button_one_letter_spacing__hover_enabled=&#8221;off&#8221; button_two_letter_spacing__hover_enabled=&#8221;off&#8221; button_bg_color__hover_enabled=&#8221;off&#8221; button_one_bg_color__hover_enabled=&#8221;off&#8221; button_two_bg_color__hover_enabled=&#8221;off&#8221;][\/et_pb_contact_field][et_pb_contact_field field_id=&#8221;email&#8221; field_title=&#8221;Adres e-mail&#8221; field_type=&#8221;email&#8221; _builder_version=&#8221;4.16.0&#8243; global_colors_info=&#8221;{}&#8221; button_text_size__hover_enabled=&#8221;off&#8221; button_one_text_size__hover_enabled=&#8221;off&#8221; button_two_text_size__hover_enabled=&#8221;off&#8221; button_text_color__hover_enabled=&#8221;off&#8221; button_one_text_color__hover_enabled=&#8221;off&#8221; button_two_text_color__hover_enabled=&#8221;off&#8221; button_border_width__hover_enabled=&#8221;off&#8221; button_one_border_width__hover_enabled=&#8221;off&#8221; button_two_border_width__hover_enabled=&#8221;off&#8221; button_border_color__hover_enabled=&#8221;off&#8221; button_one_border_color__hover_enabled=&#8221;off&#8221; button_two_border_color__hover_enabled=&#8221;off&#8221; button_border_radius__hover_enabled=&#8221;off&#8221; button_one_border_radius__hover_enabled=&#8221;off&#8221; button_two_border_radius__hover_enabled=&#8221;off&#8221; button_letter_spacing__hover_enabled=&#8221;off&#8221; button_one_letter_spacing__hover_enabled=&#8221;off&#8221; button_two_letter_spacing__hover_enabled=&#8221;off&#8221; button_bg_color__hover_enabled=&#8221;off&#8221; button_one_bg_color__hover_enabled=&#8221;off&#8221; button_two_bg_color__hover_enabled=&#8221;off&#8221;][\/et_pb_contact_field][et_pb_contact_field field_id=&#8221;message&#8221; field_title=&#8221;Wiadomo\u015b\u0107&#8221; field_type=&#8221;text&#8221; fullwidth_field=&#8221;on&#8221; _builder_version=&#8221;4.16.0&#8243; global_colors_info=&#8221;{}&#8221; button_text_size__hover_enabled=&#8221;off&#8221; button_one_text_size__hover_enabled=&#8221;off&#8221; button_two_text_size__hover_enabled=&#8221;off&#8221; button_text_color__hover_enabled=&#8221;off&#8221; button_one_text_color__hover_enabled=&#8221;off&#8221; button_two_text_color__hover_enabled=&#8221;off&#8221; button_border_width__hover_enabled=&#8221;off&#8221; button_one_border_width__hover_enabled=&#8221;off&#8221; button_two_border_width__hover_enabled=&#8221;off&#8221; button_border_color__hover_enabled=&#8221;off&#8221; button_one_border_color__hover_enabled=&#8221;off&#8221; button_two_border_color__hover_enabled=&#8221;off&#8221; button_border_radius__hover_enabled=&#8221;off&#8221; button_one_border_radius__hover_enabled=&#8221;off&#8221; button_two_border_radius__hover_enabled=&#8221;off&#8221; button_letter_spacing__hover_enabled=&#8221;off&#8221; button_one_letter_spacing__hover_enabled=&#8221;off&#8221; button_two_letter_spacing__hover_enabled=&#8221;off&#8221; button_bg_color__hover_enabled=&#8221;off&#8221; button_one_bg_color__hover_enabled=&#8221;off&#8221; button_two_bg_color__hover_enabled=&#8221;off&#8221;][\/et_pb_contact_field][\/et_pb_contact_form][\/et_pb_column][et_pb_column type=&#8221;1_3&#8243; _builder_version=&#8221;4.16&#8243; custom_padding=&#8221;|||&#8221; global_colors_info=&#8221;{}&#8221; custom_padding__hover=&#8221;|||&#8221;][et_pb_text _builder_version=&#8221;4.16.0&#8243; background_size=&#8221;initial&#8221; background_position=&#8221;top_left&#8221; background_repeat=&#8221;repeat&#8221; global_colors_info=&#8221;{}&#8221;]<\/p>\n<h2>Dane Kontaktowe<\/h2>\n<p><strong>Adres:\u00a0<\/strong><br \/>Propaganda Rowerowa,<br \/>Czarnomorska 13,<br \/>02-758 Warszawa<\/p>\n<p><strong>Telefony:\u00a0<\/strong><br \/><a href=\"tel:+48503086515\">503\u00a0086\u00a0515 (rowery)<\/a><br \/><a href=\"tel:+48602714020\">602\u00a0714\u00a0020 (serwis)<\/a><\/p>\n<p><strong>Mail:\u00a0<\/strong><br \/><a href=\"mailto:propagandarowerowa@gmail.com\">propagandarowerowa@gmail.com<\/a><\/p>\n<p><strong>Godziny otwarcia:\u00a0<\/strong><br \/>pon-pt: 11-19,<br \/>sobota: 10-14<\/p>\n<p>[\/et_pb_text][\/et_pb_column][\/et_pb_row][\/et_pb_section]<\/p>\n","protected":false},"excerpt":{"rendered":"<p>Dane Kontaktowe Adres:\u00a0Propaganda Rowerowa,Czarnomorska 13,02-758 Warszawa Telefony:\u00a0503\u00a0086\u00a0515 (rowery)602\u00a0714\u00a0020 (serwis) Mail:\u00a0propagandarowerowa@gmail.com Godziny otwarcia:\u00a0pon-pt: 11-19,sobota: 10-14<\/p>\n","protected":false},"author":1,"featured_media":0,"parent":0,"menu_order":0,"comment_status":"closed","ping_status":"closed","template":"","meta":{"_et_pb_use_builder":"on","_et_pb_old_content":"","_et_gb_content_width":"","footnotes":""},"class_list":["post-98","page","type-page","status-publish","hentry"],"yoast_head":"<!-- This site is optimized with the Yoast SEO plugin v26.6 - https:\/\/yoast.com\/wordpress\/plugins\/seo\/ -->\n<title>Kontakt - Propaganda Rowerowa<\/title>\n<meta name=\"robots\" content=\"index, follow, max-snippet:-1, max-image-preview:large, max-video-preview:-1\" \/>\n<link rel=\"canonical\" href=\"https:\/\/propagandarowerowa.com\/index.php\/kontakt\/\" \/>\n<meta property=\"og:locale\" content=\"pl_PL\" \/>\n<meta property=\"og:type\" content=\"article\" \/>\n<meta property=\"og:title\" content=\"Kontakt - Propaganda Rowerowa\" \/>\n<meta property=\"og:description\" content=\"Dane Kontaktowe Adres:\u00a0Propaganda Rowerowa,Czarnomorska 13,02-758 Warszawa Telefony:\u00a0503\u00a0086\u00a0515 (rowery)602\u00a0714\u00a0020 (serwis) Mail:\u00a0propagandarowerowa@gmail.com Godziny otwarcia:\u00a0pon-pt: 11-19,sobota: 10-14\" \/>\n<meta property=\"og:url\" content=\"https:\/\/propagandarowerowa.com\/index.php\/kontakt\/\" \/>\n<meta property=\"og:site_name\" content=\"Propaganda Rowerowa\" \/>\n<meta property=\"article:modified_time\" content=\"2023-01-19T06:28:14+00:00\" \/>\n<meta name=\"twitter:card\" content=\"summary_large_image\" \/>\n<meta name=\"twitter:label1\" content=\"Szacowany czas czytania\" \/>\n\t<meta name=\"twitter:data1\" content=\"4 minuty\" \/>\n<script type=\"application\/ld+json\" class=\"yoast-schema-graph\">{\"@context\":\"https:\/\/schema.org\",\"@graph\":[{\"@type\":\"WebPage\",\"@id\":\"https:\/\/propagandarowerowa.com\/index.php\/kontakt\/\",\"url\":\"https:\/\/propagandarowerowa.com\/index.php\/kontakt\/\",\"name\":\"Kontakt - Propaganda Rowerowa\",\"isPartOf\":{\"@id\":\"https:\/\/propagandarowerowa.com\/#website\"},\"datePublished\":\"2022-04-02T12:55:20+00:00\",\"dateModified\":\"2023-01-19T06:28:14+00:00\",\"breadcrumb\":{\"@id\":\"https:\/\/propagandarowerowa.com\/index.php\/kontakt\/#breadcrumb\"},\"inLanguage\":\"pl-PL\",\"potentialAction\":[{\"@type\":\"ReadAction\",\"target\":[\"https:\/\/propagandarowerowa.com\/index.php\/kontakt\/\"]}]},{\"@type\":\"BreadcrumbList\",\"@id\":\"https:\/\/propagandarowerowa.com\/index.php\/kontakt\/#breadcrumb\",\"itemListElement\":[{\"@type\":\"ListItem\",\"position\":1,\"name\":\"Strona g\u0142\u00f3wna\",\"item\":\"https:\/\/propagandarowerowa.com\/\"},{\"@type\":\"ListItem\",\"position\":2,\"name\":\"Kontakt\"}]},{\"@type\":\"WebSite\",\"@id\":\"https:\/\/propagandarowerowa.com\/#website\",\"url\":\"https:\/\/propagandarowerowa.com\/\",\"name\":\"Propaganda Rowerowa\",\"description\":\"\",\"potentialAction\":[{\"@type\":\"SearchAction\",\"target\":{\"@type\":\"EntryPoint\",\"urlTemplate\":\"https:\/\/propagandarowerowa.com\/?s={search_term_string}\"},\"query-input\":{\"@type\":\"PropertyValueSpecification\",\"valueRequired\":true,\"valueName\":\"search_term_string\"}}],\"inLanguage\":\"pl-PL\"}]}<\/script>\n<!-- \/ Yoast SEO plugin. -->","yoast_head_json":{"title":"Kontakt - Propaganda Rowerowa","robots":{"index":"index","follow":"follow","max-snippet":"max-snippet:-1","max-image-preview":"max-image-preview:large","max-video-preview":"max-video-preview:-1"},"canonical":"https:\/\/propagandarowerowa.com\/index.php\/kontakt\/","og_locale":"pl_PL","og_type":"article","og_title":"Kontakt - Propaganda Rowerowa","og_description":"Dane Kontaktowe Adres:\u00a0Propaganda Rowerowa,Czarnomorska 13,02-758 Warszawa Telefony:\u00a0503\u00a0086\u00a0515 (rowery)602\u00a0714\u00a0020 (serwis) Mail:\u00a0propagandarowerowa@gmail.com Godziny otwarcia:\u00a0pon-pt: 11-19,sobota: 10-14","og_url":"https:\/\/propagandarowerowa.com\/index.php\/kontakt\/","og_site_name":"Propaganda Rowerowa","article_modified_time":"2023-01-19T06:28:14+00:00","twitter_card":"summary_large_image","twitter_misc":{"Szacowany czas czytania":"4 minuty"},"schema":{"@context":"https:\/\/schema.org","@graph":[{"@type":"WebPage","@id":"https:\/\/propagandarowerowa.com\/index.php\/kontakt\/","url":"https:\/\/propagandarowerowa.com\/index.php\/kontakt\/","name":"Kontakt - Propaganda Rowerowa","isPartOf":{"@id":"https:\/\/propagandarowerowa.com\/#website"},"datePublished":"2022-04-02T12:55:20+00:00","dateModified":"2023-01-19T06:28:14+00:00","breadcrumb":{"@id":"https:\/\/propagandarowerowa.com\/index.php\/kontakt\/#breadcrumb"},"inLanguage":"pl-PL","potentialAction":[{"@type":"ReadAction","target":["https:\/\/propagandarowerowa.com\/index.php\/kontakt\/"]}]},{"@type":"BreadcrumbList","@id":"https:\/\/propagandarowerowa.com\/index.php\/kontakt\/#breadcrumb","itemListElement":[{"@type":"ListItem","position":1,"name":"Strona g\u0142\u00f3wna","item":"https:\/\/propagandarowerowa.com\/"},{"@type":"ListItem","position":2,"name":"Kontakt"}]},{"@type":"WebSite","@id":"https:\/\/propagandarowerowa.com\/#website","url":"https:\/\/propagandarowerowa.com\/","name":"Propaganda Rowerowa","description":"","potentialAction":[{"@type":"SearchAction","target":{"@type":"EntryPoint","urlTemplate":"https:\/\/propagandarowerowa.com\/?s={search_term_string}"},"query-input":{"@type":"PropertyValueSpecification","valueRequired":true,"valueName":"search_term_string"}}],"inLanguage":"pl-PL"}]}},"jetpack_sharing_enabled":true,"_links":{"self":[{"href":"https:\/\/propagandarowerowa.com\/index.php\/wp-json\/wp\/v2\/pages\/98","targetHints":{"allow":["GET"]}}],"collection":[{"href":"https:\/\/propagandarowerowa.com\/index.php\/wp-json\/wp\/v2\/pages"}],"about":[{"href":"https:\/\/propagandarowerowa.com\/index.php\/wp-json\/wp\/v2\/types\/page"}],"author":[{"embeddable":true,"href":"https:\/\/propagandarowerowa.com\/index.php\/wp-json\/wp\/v2\/users\/1"}],"replies":[{"embeddable":true,"href":"https:\/\/propagandarowerowa.com\/index.php\/wp-json\/wp\/v2\/comments?post=98"}],"version-history":[{"count":10,"href":"https:\/\/propagandarowerowa.com\/index.php\/wp-json\/wp\/v2\/pages\/98\/revisions"}],"predecessor-version":[{"id":2240,"href":"https:\/\/propagandarowerowa.com\/index.php\/wp-json\/wp\/v2\/pages\/98\/revisions\/2240"}],"wp:attachment":[{"href":"https:\/\/propagandarowerowa.com\/index.php\/wp-json\/wp\/v2\/media?parent=98"}],"curies":[{"name":"wp","href":"https:\/\/api.w.org\/{rel}","templated":true}]}}